{"id":370,"date":"2023-04-09T08:20:10","date_gmt":"2023-04-09T08:20:10","guid":{"rendered":"https:\/\/narva-joesuujazz.ee\/?page_id=370"},"modified":"2023-04-16T19:02:21","modified_gmt":"2023-04-16T19:02:21","slug":"info","status":"publish","type":"page","link":"https:\/\/narva-joesuujazz.ee\/fi\/info\/","title":{"rendered":"info"},"content":{"rendered":"<div data-elementor-type=\"wp-page\" data-elementor-id=\"370\" class=\"elementor elementor-370\" data-elementor-post-type=\"page\">\n\t\t\t\t\t\t<section class=\"elementor-section elementor-top-section elementor-element elementor-element-365facb elementor-section-stretched elementor-section-boxed elementor-section-height-default elementor-section-height-default\" data-id=\"365facb\" data-element_type=\"section\" data-e-type=\"section\" data-settings=\"{&quot;background_background&quot;:&quot;classic&quot;,&quot;stretch_section&quot;:&quot;section-stretched&quot;}\">\n\t\t\t\t\t\t<div class=\"elementor-container elementor-column-gap-default\">\n\t\t\t\t\t<div class=\"elementor-column elementor-col-100 elementor-top-column elementor-element elementor-element-84082eb\" data-id=\"84082eb\" data-element_type=\"column\" data-e-type=\"column\">\n\t\t\t<div class=\"elementor-widget-wrap elementor-element-populated\">\n\t\t\t\t\t\t<div class=\"elementor-element elementor-element-ebd3089 elementor-widget elementor-widget-text-editor\" data-id=\"ebd3089\" data-element_type=\"widget\" data-e-type=\"widget\" data-widget_type=\"text-editor.default\">\n\t\t\t\t<div class=\"elementor-widget-container\">\n\t\t\t\t\t\t\t\t\t<h1><span style=\"color: #ffffff;\">Narva-J\u00f5esuu<\/span><\/h1>\t\t\t\t\t\t\t\t<\/div>\n\t\t\t\t<\/div>\n\t\t\t\t\t<\/div>\n\t\t<\/div>\n\t\t\t\t\t<\/div>\n\t\t<\/section>\n\t\t\t\t<section class=\"elementor-section elementor-top-section elementor-element elementor-element-b3ccd2f elementor-section-boxed elementor-section-height-default elementor-section-height-default\" data-id=\"b3ccd2f\" data-element_type=\"section\" data-e-type=\"section\">\n\t\t\t\t\t\t<div class=\"elementor-container elementor-column-gap-default\">\n\t\t\t\t\t<div class=\"elementor-column elementor-col-100 elementor-top-column elementor-element elementor-element-0852646\" data-id=\"0852646\" data-element_type=\"column\" data-e-type=\"column\">\n\t\t\t<div class=\"elementor-widget-wrap elementor-element-populated\">\n\t\t\t\t\t\t<div class=\"elementor-element elementor-element-a6e82a4 elementor-widget elementor-widget-spacer\" data-id=\"a6e82a4\" data-element_type=\"widget\" data-e-type=\"widget\" data-widget_type=\"spacer.default\">\n\t\t\t\t<div class=\"elementor-widget-container\">\n\t\t\t\t\t\t\t<div class=\"elementor-spacer\">\n\t\t\t<div class=\"elementor-spacer-inner\"><\/div>\n\t\t<\/div>\n\t\t\t\t\t\t<\/div>\n\t\t\t\t<\/div>\n\t\t\t\t<div class=\"elementor-element elementor-element-7dec1a4 elementor-widget elementor-widget-text-editor\" data-id=\"7dec1a4\" data-element_type=\"widget\" data-e-type=\"widget\" data-widget_type=\"text-editor.default\">\n\t\t\t\t<div class=\"elementor-widget-container\">\n\t\t\t\t\t\t\t\t\t<p><span style=\"font-weight: 400;\">Narva J\u00f5esuu Jazz kunstilise juhi, muusik Oleg Pissarenko, ammune soov on tuua ajaloolisesse kuurortlinna kvaliteetne jazzmuusika nii meistriklassina noortele muusika\u00f5ppuritele kui ka festivalina k\u00f5ikidele jazzis\u00f5pradele!<\/span><\/p><p><span style=\"font-weight: 400;\">Oleg Pissarenko: \u201cOlen Narvast p\u00e4rit, mist\u00f5ttu avanes lapsep\u00f5lves fantastiline v\u00f5imalus veeta suved Narva-J\u00f5esuu m\u00e4ndide all, ammutades inspiratsiooni, mis kandumas veel t\u00e4nagi minu muusikasse. Olen alati soovinud muusika\u00f5petajana pakkuda seda v\u00f5imalust noortele muusikastudentidele, sest siin on midagi, mis puudutab hinge ja kujundab Sinu loomingut.\u201d<\/span><\/p><p><span style=\"font-weight: 400;\">Koost\u00f6\u00f6s Euroopa Liiduga saame pakkuda TASUTA suurep\u00e4raseid v\u00f5imalusi nii 24-28.07 toimuva muusikalaagri jazzi suurkujude meistriklassidest osa v\u00f5tvatele noortele kui ka 29.07 jazzifestivali k\u00fclastavale publikule, mil t\u00e4idame Kuursaali l\u00e4hedal asuva linnapargi Hele r\u00f5\u00f5msameelse ning romantilise jazzi h\u00f5nguga, just nagu m\u00f5nes vanas heas mustvalges filmis.<\/span><\/p><p><span style=\"font-weight: 400;\">Tipptasemel muusikud toovad jazzi Narva-J\u00f5esuusse nii Eesti teistest linnadest, Euroopast kui ka USAst!<\/span><\/p><p><span style=\"font-weight: 400;\">Projekti &#8220;Jazzmuusika suvelaager ja festival Narva-J\u00f5esuus&#8221; (\u201eJCF\u201c) ER195 kaasrahastab Euroopa Liit Euroopa naabrusinstrumendi raames.<\/span><\/p><p><span style=\"font-weight: 400;\">Tule ning saa sellest fantastilisest elamusest osa!<\/span><\/p>\t\t\t\t\t\t\t\t<\/div>\n\t\t\t\t<\/div>\n\t\t\t\t\t<\/div>\n\t\t<\/div>\n\t\t\t\t\t<\/div>\n\t\t<\/section>\n\t\t\t\t<\/div>","protected":false},"excerpt":{"rendered":"<p>Narva-J\u00f5esuu Narva J\u00f5esuu Jazz kunstilise juhi, muusik Oleg Pissarenko, ammune soov on tuua ajaloolisesse kuurortlinna kvaliteetne jazzmuusika nii meistriklassina noortele muusika\u00f5ppuritele kui ka festivalina k\u00f5ikidele jazzis\u00f5pradele! Oleg Pissarenko: \u201cOlen Narvast p\u00e4rit, mist\u00f5ttu avanes lapsep\u00f5lves fantastiline v\u00f5imalus veeta suved Narva-J\u00f5esuu m\u00e4ndide all, ammutades inspiratsiooni, mis kandumas veel t\u00e4nagi minu muusikasse. Olen alati soovinud muusika\u00f5petajana pakkuda seda [&hellip;]<\/p>\n","protected":false},"author":2,"featured_media":0,"parent":0,"menu_order":0,"comment_status":"closed","ping_status":"closed","template":"","meta":{"_monsterinsights_skip_tracking":false,"_monsterinsights_sitenote_active":false,"_monsterinsights_sitenote_note":"","_monsterinsights_sitenote_category":0,"site-sidebar-layout":"no-sidebar","site-content-layout":"page-builder","ast-site-content-layout":"default","site-content-style":"default","site-sidebar-style":"default","ast-global-header-display":"","ast-banner-title-visibility":"","ast-main-header-display":"","ast-hfb-above-header-display":"","ast-hfb-below-header-display":"","ast-hfb-mobile-header-display":"","site-post-title":"disabled","ast-breadcrumbs-content":"","ast-featured-img":"disabled","footer-sml-layout":"","ast-disable-related-posts":"","theme-transparent-header-meta":"","adv-header-id-meta":"","stick-header-meta":"","header-above-stick-meta":"","header-main-stick-meta":"","header-below-stick-meta":"","astra-migrate-meta-layouts":"default","ast-page-background-enabled":"default","ast-page-background-meta":{"desktop":{"background-color":"","background-image":"","background-repeat":"repeat","background-position":"center center","background-size":"auto","background-attachment":"scroll","background-type":"","background-media":"","overlay-type":"","overlay-color":"","overlay-opacity":"","overlay-gradient":""},"tablet":{"background-color":"","background-image":"","background-repeat":"repeat","background-position":"center center","background-size":"auto","background-attachment":"scroll","background-type":"","background-media":"","overlay-type":"","overlay-color":"","overlay-opacity":"","overlay-gradient":""},"mobile":{"background-color":"","background-image":"","background-repeat":"repeat","background-position":"center center","background-size":"auto","background-attachment":"scroll","background-type":"","background-media":"","overlay-type":"","overlay-color":"","overlay-opacity":"","overlay-gradient":""}},"ast-content-background-meta":{"desktop":{"background-color":"var(--ast-global-color-5)","background-image":"","background-repeat":"repeat","background-position":"center center","background-size":"auto","background-attachment":"scroll","background-type":"","background-media":"","overlay-type":"","overlay-color":"","overlay-opacity":"","overlay-gradient":""},"tablet":{"background-color":"var(--ast-global-color-5)","background-image":"","background-repeat":"repeat","background-position":"center center","background-size":"auto","background-attachment":"scroll","background-type":"","background-media":"","overlay-type":"","overlay-color":"","overlay-opacity":"","overlay-gradient":""},"mobile":{"background-color":"var(--ast-global-color-5)","background-image":"","background-repeat":"repeat","background-position":"center center","background-size":"auto","background-attachment":"scroll","background-type":"","background-media":"","overlay-type":"","overlay-color":"","overlay-opacity":"","overlay-gradient":""}},"footnotes":""},"class_list":["post-370","page","type-page","status-publish","hentry"],"_links":{"self":[{"href":"https:\/\/narva-joesuujazz.ee\/fi\/wp-json\/wp\/v2\/pages\/370","targetHints":{"allow":["GET"]}}],"collection":[{"href":"https:\/\/narva-joesuujazz.ee\/fi\/wp-json\/wp\/v2\/pages"}],"about":[{"href":"https:\/\/narva-joesuujazz.ee\/fi\/wp-json\/wp\/v2\/types\/page"}],"author":[{"embeddable":true,"href":"https:\/\/narva-joesuujazz.ee\/fi\/wp-json\/wp\/v2\/users\/2"}],"replies":[{"embeddable":true,"href":"https:\/\/narva-joesuujazz.ee\/fi\/wp-json\/wp\/v2\/comments?post=370"}],"version-history":[{"count":97,"href":"https:\/\/narva-joesuujazz.ee\/fi\/wp-json\/wp\/v2\/pages\/370\/revisions"}],"predecessor-version":[{"id":1025,"href":"https:\/\/narva-joesuujazz.ee\/fi\/wp-json\/wp\/v2\/pages\/370\/revisions\/1025"}],"wp:attachment":[{"href":"https:\/\/narva-joesuujazz.ee\/fi\/wp-json\/wp\/v2\/media?parent=370"}],"curies":[{"name":"wp","href":"https:\/\/api.w.org\/{rel}","templated":true}]}}