{"id":2622,"date":"2025-04-01T07:23:33","date_gmt":"2025-04-01T07:23:33","guid":{"rendered":"https:\/\/narva-joesuujazz.ee\/?page_id=2622"},"modified":"2026-05-06T18:36:12","modified_gmt":"2026-05-06T18:36:12","slug":"pauli-halonen-trio","status":"publish","type":"page","link":"https:\/\/narva-joesuujazz.ee\/fi\/pauli-halonen-trio\/","title":{"rendered":"Pauli Halonen Trio (FIN)"},"content":{"rendered":"<div data-elementor-type=\"wp-page\" data-elementor-id=\"2622\" class=\"elementor elementor-2622\" data-elementor-post-type=\"page\">\n\t\t\t\t\t\t<section class=\"elementor-section elementor-top-section elementor-element elementor-element-365facb elementor-section-stretched elementor-section-boxed elementor-section-height-default elementor-section-height-default\" data-id=\"365facb\" data-element_type=\"section\" data-e-type=\"section\" data-settings=\"{&quot;background_background&quot;:&quot;classic&quot;,&quot;stretch_section&quot;:&quot;section-stretched&quot;}\">\n\t\t\t\t\t\t<div class=\"elementor-container elementor-column-gap-default\">\n\t\t\t\t\t<div class=\"elementor-column elementor-col-100 elementor-top-column elementor-element elementor-element-84082eb\" data-id=\"84082eb\" data-element_type=\"column\" data-e-type=\"column\">\n\t\t\t<div class=\"elementor-widget-wrap elementor-element-populated\">\n\t\t\t\t\t\t<div class=\"elementor-element elementor-element-8405c97 elementor-hidden-tablet elementor-hidden-mobile elementor-widget elementor-widget-spacer\" data-id=\"8405c97\" data-element_type=\"widget\" data-e-type=\"widget\" data-widget_type=\"spacer.default\">\n\t\t\t\t<div class=\"elementor-widget-container\">\n\t\t\t\t\t\t\t<div class=\"elementor-spacer\">\n\t\t\t<div class=\"elementor-spacer-inner\"><\/div>\n\t\t<\/div>\n\t\t\t\t\t\t<\/div>\n\t\t\t\t<\/div>\n\t\t\t\t\t<\/div>\n\t\t<\/div>\n\t\t\t\t\t<\/div>\n\t\t<\/section>\n\t\t\t\t<section class=\"elementor-section elementor-top-section elementor-element elementor-element-b3ccd2f elementor-section-boxed elementor-section-height-default elementor-section-height-default\" data-id=\"b3ccd2f\" data-element_type=\"section\" data-e-type=\"section\" data-settings=\"{&quot;background_background&quot;:&quot;classic&quot;}\">\n\t\t\t\t\t\t\t<div class=\"elementor-background-overlay\"><\/div>\n\t\t\t\t\t\t\t<div class=\"elementor-container elementor-column-gap-default\">\n\t\t\t\t\t<div class=\"elementor-column elementor-col-100 elementor-top-column elementor-element elementor-element-0852646\" data-id=\"0852646\" data-element_type=\"column\" data-e-type=\"column\">\n\t\t\t<div class=\"elementor-widget-wrap elementor-element-populated\">\n\t\t\t\t\t\t<div class=\"elementor-element elementor-element-a6e82a4 elementor-widget elementor-widget-spacer\" data-id=\"a6e82a4\" data-element_type=\"widget\" data-e-type=\"widget\" data-widget_type=\"spacer.default\">\n\t\t\t\t<div class=\"elementor-widget-container\">\n\t\t\t\t\t\t\t<div class=\"elementor-spacer\">\n\t\t\t<div class=\"elementor-spacer-inner\"><\/div>\n\t\t<\/div>\n\t\t\t\t\t\t<\/div>\n\t\t\t\t<\/div>\n\t\t\t\t<div class=\"elementor-element elementor-element-69a9f21 elementor-widget elementor-widget-heading\" data-id=\"69a9f21\" data-element_type=\"widget\" data-e-type=\"widget\" data-widget_type=\"heading.default\">\n\t\t\t\t<div class=\"elementor-widget-container\">\n\t\t\t\t\t<h2 class=\"elementor-heading-title elementor-size-default\">Pauli Halonen Groove Trio (FIN)<\/h2>\t\t\t\t<\/div>\n\t\t\t\t<\/div>\n\t\t\t\t<div class=\"elementor-element elementor-element-94ad421 elementor-widget elementor-widget-spacer\" data-id=\"94ad421\" data-element_type=\"widget\" data-e-type=\"widget\" data-widget_type=\"spacer.default\">\n\t\t\t\t<div class=\"elementor-widget-container\">\n\t\t\t\t\t\t\t<div class=\"elementor-spacer\">\n\t\t\t<div class=\"elementor-spacer-inner\"><\/div>\n\t\t<\/div>\n\t\t\t\t\t\t<\/div>\n\t\t\t\t<\/div>\n\t\t\t\t<div class=\"elementor-element elementor-element-7dec1a4 elementor-widget elementor-widget-text-editor\" data-id=\"7dec1a4\" data-element_type=\"widget\" data-e-type=\"widget\" data-widget_type=\"text-editor.default\">\n\t\t\t\t<div class=\"elementor-widget-container\">\n\t\t\t\t\t\t\t\t\t<p class=\"translation-block\">Pauli Halonen Trio tuo Narva-J\u00f5esuu Jazzille suomalaisen nuoren jazzsukupolven s\u00e4ken\u00f6iv\u00e4\u00e4 energiaa \u2013 kyseess\u00e4 on lahjakkaista ja nopeasti esiin nousevista muusikoista koostuva yhtye, jonka soundi yhdist\u00e4\u00e4 tuoreen luovan ajattelun, vahvan yhtyesoiton ja nykyaikaisen eurooppalaisen jazzin ilmaisun.<\/p><p><span style=\"font-weight: 400;\">Pauli Halonen Trio on vuonna 2024 perustettu nuori jazzkokoonpano, jonka j\u00e4senet ovat kehitt\u00e4neet yhteissoittoaan jo l\u00e4hes vuoden ajan. Yhtye koostuu lahjakkaista muusikoista, joiden yhteinen musiikillinen kieli on syntynyt tiiviin yhteisty\u00f6n ja m\u00e4\u00e4r\u00e4tietoisen ty\u00f6skentelyn tuloksena.<\/span><\/p><p class=\"translation-block\">Trio esitt\u00e4\u00e4 p\u00e4\u00e4asiassa Pauli Halosen omaa s\u00e4vellystuotantoa sek\u00e4 valikoituja sovituksia. Musiikillisiksi esikuvikseen he mainitsevat muun muassa Chick Corean, Jacob Collierin ja Anomalien. Yhtyeen tyyli\u00e4 on vaikea m\u00e4\u00e4ritell\u00e4 yhden genren alle, mutta he kuvaavat musiikkiaan groovaavaksi jazziksi, jossa yhdistyv\u00e4t rytminen energia ja improvisaation vapaus.<\/p><p><span style=\"font-weight: 400;\">Nuoresta i\u00e4st\u00e4\u00e4n huolimatta Pauli Halonen on jo monipuolinen muusikko, joka toimii multi-instrumentalistina, s\u00e4velt\u00e4j\u00e4n\u00e4 ja \u00e4\u00e4nin\u00e4yttelij\u00e4n\u00e4. Trion lis\u00e4ksi heid\u00e4n konserteissaan kuullaan ajoittain my\u00f6s jazzkent\u00e4n huippunimi\u00e4 vierailevina artisteina.<\/span><\/p><p><span style=\"font-weight: 400;\">\u2e3b<\/span><\/p><p><span style=\"font-weight: 400;\">Kokoonpano<\/span><span style=\"font-weight: 400;\"><br \/><\/span><span style=\"font-weight: 400;\"> Pauli Halonen \u2013 piano, laulu ja saksofoni<\/span><span style=\"font-weight: 400;\"><br \/><\/span><span style=\"font-weight: 400;\"> Oskar Lehtim\u00e4ki \u2013 basso<\/span><span style=\"font-weight: 400;\"><br \/><\/span><span style=\"font-weight: 400;\"> Kuutti Suonio \u2013 rummut<\/span><\/p>\t\t\t\t\t\t\t\t<\/div>\n\t\t\t\t<\/div>\n\t\t\t\t<div class=\"elementor-element elementor-element-012d341 elementor-widget elementor-widget-spacer\" data-id=\"012d341\" data-element_type=\"widget\" data-e-type=\"widget\" data-widget_type=\"spacer.default\">\n\t\t\t\t<div class=\"elementor-widget-container\">\n\t\t\t\t\t\t\t<div class=\"elementor-spacer\">\n\t\t\t<div class=\"elementor-spacer-inner\"><\/div>\n\t\t<\/div>\n\t\t\t\t\t\t<\/div>\n\t\t\t\t<\/div>\n\t\t\t\t\t<\/div>\n\t\t<\/div>\n\t\t\t\t\t<\/div>\n\t\t<\/section>\n\t\t\t\t<\/div>","protected":false},"excerpt":{"rendered":"<p>Pauli Halonen Groove Trio (FIN) Pauli Halonen Trio toob Narva-J\u00f5esuu Jazzile Soome noore jazzip\u00f5lvkonna s\u00e4rava energia \u2013 tegemist on andekate ja kiiresti esile t\u00f5usvate muusikutega, kelle k\u00f5lapilt \u00fchendab v\u00e4rske loomingulise m\u00f5tlemise, tugeva ansamblitunnetuse ja kaasaegse Euroopa jazzikeele. Pauli Halonen Trio on 2024. aastal loodud noor jazzikoosseis, kelle liikmed on oma koosm\u00e4ngu arendanud juba ligi aasta. [&hellip;]<\/p>\n","protected":false},"author":1,"featured_media":0,"parent":0,"menu_order":0,"comment_status":"closed","ping_status":"closed","template":"","meta":{"_monsterinsights_skip_tracking":false,"_monsterinsights_sitenote_active":false,"_monsterinsights_sitenote_note":"","_monsterinsights_sitenote_category":0,"site-sidebar-layout":"no-sidebar","site-content-layout":"page-builder","ast-site-content-layout":"default","site-content-style":"default","site-sidebar-style":"default","ast-global-header-display":"","ast-banner-title-visibility":"","ast-main-header-display":"","ast-hfb-above-header-display":"","ast-hfb-below-header-display":"","ast-hfb-mobile-header-display":"","site-post-title":"disabled","ast-breadcrumbs-content":"","ast-featured-img":"disabled","footer-sml-layout":"","ast-disable-related-posts":"","theme-transparent-header-meta":"","adv-header-id-meta":"","stick-header-meta":"","header-above-stick-meta":"","header-main-stick-meta":"","header-below-stick-meta":"","astra-migrate-meta-layouts":"default","ast-page-background-enabled":"default","ast-page-background-meta":{"desktop":{"background-color":"","background-image":"","background-repeat":"repeat","background-position":"center center","background-size":"auto","background-attachment":"scroll","background-type":"","background-media":"","overlay-type":"","overlay-color":"","overlay-opacity":"","overlay-gradient":""},"tablet":{"background-color":"","background-image":"","background-repeat":"repeat","background-position":"center center","background-size":"auto","background-attachment":"scroll","background-type":"","background-media":"","overlay-type":"","overlay-color":"","overlay-opacity":"","overlay-gradient":""},"mobile":{"background-color":"","background-image":"","background-repeat":"repeat","background-position":"center center","background-size":"auto","background-attachment":"scroll","background-type":"","background-media":"","overlay-type":"","overlay-color":"","overlay-opacity":"","overlay-gradient":""}},"ast-content-background-meta":{"desktop":{"background-color":"var(--ast-global-color-5)","background-image":"","background-repeat":"repeat","background-position":"center center","background-size":"auto","background-attachment":"scroll","background-type":"","background-media":"","overlay-type":"","overlay-color":"","overlay-opacity":"","overlay-gradient":""},"tablet":{"background-color":"var(--ast-global-color-5)","background-image":"","background-repeat":"repeat","background-position":"center center","background-size":"auto","background-attachment":"scroll","background-type":"","background-media":"","overlay-type":"","overlay-color":"","overlay-opacity":"","overlay-gradient":""},"mobile":{"background-color":"var(--ast-global-color-5)","background-image":"","background-repeat":"repeat","background-position":"center center","background-size":"auto","background-attachment":"scroll","background-type":"","background-media":"","overlay-type":"","overlay-color":"","overlay-opacity":"","overlay-gradient":""}},"footnotes":""},"class_list":["post-2622","page","type-page","status-publish","hentry"],"_links":{"self":[{"href":"https:\/\/narva-joesuujazz.ee\/fi\/wp-json\/wp\/v2\/pages\/2622","targetHints":{"allow":["GET"]}}],"collection":[{"href":"https:\/\/narva-joesuujazz.ee\/fi\/wp-json\/wp\/v2\/pages"}],"about":[{"href":"https:\/\/narva-joesuujazz.ee\/fi\/wp-json\/wp\/v2\/types\/page"}],"author":[{"embeddable":true,"href":"https:\/\/narva-joesuujazz.ee\/fi\/wp-json\/wp\/v2\/users\/1"}],"replies":[{"embeddable":true,"href":"https:\/\/narva-joesuujazz.ee\/fi\/wp-json\/wp\/v2\/comments?post=2622"}],"version-history":[{"count":33,"href":"https:\/\/narva-joesuujazz.ee\/fi\/wp-json\/wp\/v2\/pages\/2622\/revisions"}],"predecessor-version":[{"id":3072,"href":"https:\/\/narva-joesuujazz.ee\/fi\/wp-json\/wp\/v2\/pages\/2622\/revisions\/3072"}],"wp:attachment":[{"href":"https:\/\/narva-joesuujazz.ee\/fi\/wp-json\/wp\/v2\/media?parent=2622"}],"curies":[{"name":"wp","href":"https:\/\/api.w.org\/{rel}","templated":true}]}}