{"id":2576,"date":"2025-03-21T10:07:53","date_gmt":"2025-03-21T10:07:53","guid":{"rendered":"https:\/\/narva-joesuujazz.ee\/?page_id=2576"},"modified":"2026-01-28T13:41:14","modified_gmt":"2026-01-28T13:41:14","slug":"narva-joesuu","status":"publish","type":"page","link":"https:\/\/narva-joesuujazz.ee\/fi\/home\/narva-joesuu\/","title":{"rendered":"Narva-J\u00f5esuu"},"content":{"rendered":"<div data-elementor-type=\"wp-page\" data-elementor-id=\"2576\" class=\"elementor elementor-2576\" data-elementor-post-type=\"page\">\n\t\t\t\t\t\t<section class=\"elementor-section elementor-top-section elementor-element elementor-element-ad6e72c elementor-section-boxed elementor-section-height-default elementor-section-height-default\" data-id=\"ad6e72c\" data-element_type=\"section\" data-e-type=\"section\" data-settings=\"{&quot;background_background&quot;:&quot;classic&quot;}\">\n\t\t\t\t\t\t<div class=\"elementor-container elementor-column-gap-default\">\n\t\t\t\t\t<div class=\"elementor-column elementor-col-100 elementor-top-column elementor-element elementor-element-802ed42\" data-id=\"802ed42\" data-element_type=\"column\" data-e-type=\"column\">\n\t\t\t<div class=\"elementor-widget-wrap\">\n\t\t\t\t\t\t\t<\/div>\n\t\t<\/div>\n\t\t\t\t\t<\/div>\n\t\t<\/section>\n\t\t\t\t<section class=\"elementor-section elementor-top-section elementor-element elementor-element-e3111bb elementor-section-boxed elementor-section-height-default elementor-section-height-default\" data-id=\"e3111bb\" data-element_type=\"section\" data-e-type=\"section\">\n\t\t\t\t\t\t<div class=\"elementor-container elementor-column-gap-default\">\n\t\t\t\t\t<div class=\"elementor-column elementor-col-100 elementor-top-column elementor-element elementor-element-c19680b\" data-id=\"c19680b\" data-element_type=\"column\" data-e-type=\"column\">\n\t\t\t<div class=\"elementor-widget-wrap elementor-element-populated\">\n\t\t\t\t\t\t<div class=\"elementor-element elementor-element-642380c elementor-widget elementor-widget-spacer\" data-id=\"642380c\" data-element_type=\"widget\" data-e-type=\"widget\" data-widget_type=\"spacer.default\">\n\t\t\t\t<div class=\"elementor-widget-container\">\n\t\t\t\t\t\t\t<div class=\"elementor-spacer\">\n\t\t\t<div class=\"elementor-spacer-inner\"><\/div>\n\t\t<\/div>\n\t\t\t\t\t\t<\/div>\n\t\t\t\t<\/div>\n\t\t\t\t<div class=\"elementor-element elementor-element-473d8d6 elementor-widget elementor-widget-heading\" data-id=\"473d8d6\" data-element_type=\"widget\" data-e-type=\"widget\" data-widget_type=\"heading.default\">\n\t\t\t\t<div class=\"elementor-widget-container\">\n\t\t\t\t\t<h2 class=\"elementor-heading-title elementor-size-default\">Narva-J\u00f5esuu<\/h2>\t\t\t\t<\/div>\n\t\t\t\t<\/div>\n\t\t\t\t<div class=\"elementor-element elementor-element-0434294 elementor-widget elementor-widget-spacer\" data-id=\"0434294\" data-element_type=\"widget\" data-e-type=\"widget\" data-widget_type=\"spacer.default\">\n\t\t\t\t<div class=\"elementor-widget-container\">\n\t\t\t\t\t\t\t<div class=\"elementor-spacer\">\n\t\t\t<div class=\"elementor-spacer-inner\"><\/div>\n\t\t<\/div>\n\t\t\t\t\t\t<\/div>\n\t\t\t\t<\/div>\n\t\t\t\t<div class=\"elementor-element elementor-element-df746ea elementor-widget elementor-widget-text-editor\" data-id=\"df746ea\" data-element_type=\"widget\" data-e-type=\"widget\" data-widget_type=\"text-editor.default\">\n\t\t\t\t<div class=\"elementor-widget-container\">\n\t\t\t\t\t\t\t\t\t<h3><b>Yleisinfo<\/b><\/h3><p><span style=\"font-weight: 400;\">Narva-J\u00f5esuu on kylpyl\u00e4kaupunki Koillis-Virossa, Narvajoen suistossa, Suomenlahden rannalla. Nyky\u00e4\u00e4n kaupunkiin kuuluvat my\u00f6s Vaivaran ja Viivikonnan alueet. Asukkaita Narva-J\u00f5esuussa on 4260. Narvan kaupunki sijaitsee hieman yli kymmenen kilometrin p\u00e4\u00e4ss\u00e4.<\/span><\/p><h3><b>Vilkaisu historiaan<\/b><\/h3><p><span style=\"font-weight: 400;\">Narva-J\u00f5esuuta kutsuttiin 1900-luvun alkuun asti saksankielisell\u00e4 nimell\u00e4 Hungerburg. Jo tsaarin aikana se oli suosittu kylpyl\u00e4kaupunki, joka houkutteli lomailijoita Pietarista, Tallinnasta ja my\u00f6s Suomesta. Paikka oli arvostettu erityisesti Pietarin aristokraattien ja taiteilijoiden keskuudessa \u2013 muun muassa Ilja Repin vietti kesi\u00e4\u00e4n Hungerburgissa.<\/span><\/p><p><span style=\"font-weight: 400;\">Hauska yksityiskohta suomalaisille: rakastetun toimittajan Erkki Toivasen \u00e4iti Adele Toivanen (os. Konga) oli kotoisin Narva-J\u00f5esuusta ja h\u00e4net on my\u00f6s haudattu sinne. \u00c4itins\u00e4 kautta Erkki oppi jo lapsena viron kielen.<\/span><\/p><p><span style=\"font-weight: 400;\">Jo 1800-luvulla kaupunki tuli tunnetuksi paitsi vaikuttavasta hiekkarannastaan my\u00f6s pitsihuviloistaan \u2013 tosin nyky\u00e4\u00e4n n\u00e4it\u00e4 on s\u00e4ilynyt vain muutama. Rannan loisto on kuitenkin edelleen tallella ja historia huokuu kaikkialla ymp\u00e4rill\u00e4.<\/span><\/p><h3><b>N\u00e4kemisen arvoista<\/b><\/h3><p><span style=\"font-weight: 400;\">Tietenkin upea ranta, mutta my\u00f6s kaunis m\u00e4ntymets\u00e4 sen ymp\u00e4rill\u00e4. Ehk\u00e4 paras paikka aistia 1800-luvun loistoa on Hele ja Pime park \u2013 vanhojen huvimajojen koristama upea puistokokonaisuus.<\/span><\/p><p><span style=\"font-weight: 400;\">Rannan l\u00e4heisyydess\u00e4 sijaitsevat my\u00f6s perinteinen <\/span><b>Narva-J\u00f5esuu Medical SPA<\/b><span style=\"font-weight: 400;\"> sek\u00e4 tyylik\u00e4s <\/span><b>Meresuu Spa &amp; Hotel<\/b><span style=\"font-weight: 400;\">, jotka tarjoavat aidon kylpyl\u00e4tunnelman.<\/span><\/p>\t\t\t\t\t\t\t\t<\/div>\n\t\t\t\t<\/div>\n\t\t\t\t<div class=\"elementor-element elementor-element-882178e elementor-widget-divider--view-line elementor-widget elementor-widget-divider\" data-id=\"882178e\" data-element_type=\"widget\" data-e-type=\"widget\" data-widget_type=\"divider.default\">\n\t\t\t\t<div class=\"elementor-widget-container\">\n\t\t\t\t\t\t\t<div class=\"elementor-divider\">\n\t\t\t<span class=\"elementor-divider-separator\">\n\t\t\t\t\t\t<\/span>\n\t\t<\/div>\n\t\t\t\t\t\t<\/div>\n\t\t\t\t<\/div>\n\t\t\t\t<div class=\"elementor-element elementor-element-8d637d0 elementor-widget elementor-widget-text-editor\" data-id=\"8d637d0\" data-element_type=\"widget\" data-e-type=\"widget\" data-widget_type=\"text-editor.default\">\n\t\t\t\t<div class=\"elementor-widget-container\">\n\t\t\t\t\t\t\t\t\t<h3>Miten saapua perille?<\/h3>\t\t\t\t\t\t\t\t<\/div>\n\t\t\t\t<\/div>\n\t\t\t\t<div class=\"elementor-element elementor-element-401db0f elementor-widget elementor-widget-text-editor\" data-id=\"401db0f\" data-element_type=\"widget\" data-e-type=\"widget\" data-widget_type=\"text-editor.default\">\n\t\t\t\t<div class=\"elementor-widget-container\">\n\t\t\t\t\t\t\t\t\t<h3 class=\"p1\"><b>Julkisilla Narva-J\u00f5esuuhun.<\/b><b><\/b><\/h3><p class=\"p1\">Saavut Tallinnan satamaan ja k\u00e4velet sataman uudelle Vanasadam-raitiovaunupys\u00e4kille. Sielt\u00e4 voit matkustaa raitiovaunulla linjalla 2 bussiasemalle (Suur-Paala) tai rautatieasemalle (Kopli). Ehk\u00e4 olet jo valinnut, matkustatko junalla vai bussilla ja ostanut lipun (junat: www.elron.ee, bussit: www.tpilet.ee). Raitiovaunulipun voit ostaa l\u00e4himaksulla kortilla vaunun etuosassa olevasta automaatista.<\/p><p class=\"p1\">T\u00e4ll\u00e4 kertaa valitset bussin ja ajat raitiovaunulla Tallinnan bussiasemalle. Nouset mukavaan Lux Express -bussiin, joka vie sinut suoraan Narvan bussiasemalle 2 tunnissa ja 45 minuutissa. Matka sujuu nopeasti ilmastoidussa ja tyylikk\u00e4\u00e4ss\u00e4 bussissa, jossa voit katsella elokuvia omalta ruudultasi.<\/p><p class=\"p1\">Saavut Narvaan iltap\u00e4iv\u00e4ll\u00e4 ja p\u00e4\u00e4t\u00e4t tutustua kaupunkiin ennen kuin jatkat Narva-J\u00f5esuuhun. Bussiasemalta k\u00e4velet Viiden kruunun n\u00e4k\u00f6alapaikalle, josta avautuvat n\u00e4kym\u00e4t ikoniseen jokimaisemaan ja Hermannin linnaan. Kokeilet QR-koodilla opastettua k\u00e4velykierrosta vanhassa kaupungissa, joka vie sinut promenadille, linnaan, Pime puistoon ja lopulta kauniille raatihuoneelle. K\u00e4yt sy\u00f6m\u00e4ss\u00e4 ja kahvilla.<\/p><p class=\"p1\">Paikallisbussi numero 31 vie sinut Narva-J\u00f5esuuhun. Ostat R-kioskista (bussiaseman vieress\u00e4) koko Virossa toimivan \u00dchiskaartin ja lataat sille arvoa. Saavut kylpyl\u00e4kaupunkiin 25 minuutissa ja k\u00e4velet omaan kylpyl\u00e4\u00e4si. Jos valitsit Narva-J\u00f5esuu Medical Span, voit j\u00e4\u00e4d\u00e4 pois keskustan pys\u00e4kill\u00e4, mutta Meresuu Spa &amp; Hotelille kannattaa jatkaa Meresuun pys\u00e4kille asti.<\/p><p class=\"p1\">Kylpyl\u00e4ss\u00e4 sinua odottavat erilaiset hoitopaketit, saunat, uima-altaat ja hyv\u00e4 ruoka. L\u00e4hell\u00e4 on vaikuttava hiekkaranta ja sen vieress\u00e4 terveysvaikutuksistaan tunnettu m\u00e4ntymets\u00e4. Historialliset puistot Hele ja Pime vet\u00e4v\u00e4t sinua puoleensa \u2013 aivan kuin olisit astunut suoraan 1800-luvun maalaukseen.<\/p><p class=\"p1\">Ensi kes\u00e4n\u00e4 avataan j\u00e4lleen kaupungin maamerkki \u2013 1950-luvulla rakennettu majakka. Sen huipulta avautuu n\u00e4kym\u00e4 merelle, Narva-J\u00f5esuun satamaan ja Narvajokeen. Tarkista kuitenkin aukioloajat ennen vierailua.<\/p><p class=\"p1\">Kes\u00e4isin voit tehd\u00e4 p\u00e4iv\u00e4retken Narva-J\u00f5esuun satamasta Narvaan joen kautta Caroline-jokilaivalla. Voit my\u00f6s matkustaa bussilla, taksilla tai Boltin kyydill\u00e4, mutta jokilaivamatka on oma el\u00e4myksens\u00e4. Saattaa k\u00e4yd\u00e4 niin, ettet halua poistua t\u00e4st\u00e4 rauhallisesta, kauniista ja raikkaan ilman kylpyl\u00e4kaupungista lainkaan.<\/p><p class=\"p1\">Kun kylpyl\u00e4loma on ohi, voit viett\u00e4\u00e4 p\u00e4iv\u00e4n Narvassa tai matkustaa paikallisbussilla Sillam\u00e4elle tai J\u00f5hviin. Sillam\u00e4en ainutlaatuinen, neuvostoklassistinen keskusta promenadeineen ja kulttuuritaloineen on n\u00e4kemisen arvoinen, samoin kaupungin historiaa esittelev\u00e4 Sillam\u00e4en museo. J\u00f5hvissa voit vierailla retrohenkisell\u00e4 torilla bussiaseman vieress\u00e4 tai kaupungin ylpeydess\u00e4 \u2013 keskiaikaisessa Pyh\u00e4n Mikaelin linnoituskirkossa. Kun olet valmis, hypp\u00e4\u00e4 bussiin tai junaan. Matka J\u00f5hvista Tallinnaan kest\u00e4\u00e4 noin kaksi tuntia.<\/p>\t\t\t\t\t\t\t\t<\/div>\n\t\t\t\t<\/div>\n\t\t\t\t<div class=\"elementor-element elementor-element-b3dbafc elementor-widget-divider--view-line elementor-widget elementor-widget-divider\" data-id=\"b3dbafc\" data-element_type=\"widget\" data-e-type=\"widget\" data-widget_type=\"divider.default\">\n\t\t\t\t<div class=\"elementor-widget-container\">\n\t\t\t\t\t\t\t<div class=\"elementor-divider\">\n\t\t\t<span class=\"elementor-divider-separator\">\n\t\t\t\t\t\t<\/span>\n\t\t<\/div>\n\t\t\t\t\t\t<\/div>\n\t\t\t\t<\/div>\n\t\t\t\t<div class=\"elementor-element elementor-element-516ccc5 elementor-widget elementor-widget-text-editor\" data-id=\"516ccc5\" data-element_type=\"widget\" data-e-type=\"widget\" data-widget_type=\"text-editor.default\">\n\t\t\t\t<div class=\"elementor-widget-container\">\n\t\t\t\t\t\t\t\t\t<h3><b>Autolla Narva-J\u00f5esuuhun:<\/b><\/h3><h3><b>Autopaikan varaaminen lauttaan.<\/b><\/h3><p><span style=\"font-weight: 400;\">Auto on varattava etuk\u00e4teen Tallink Siljan, Viking Linen tai Ecker\u00f6 Linen lautalle. Varaus tehd\u00e4\u00e4n yhdess\u00e4 matkustajalipun kanssa ja siit\u00e4 veloitetaan lis\u00e4maksu.<\/span><\/p><p><span style=\"font-weight: 400;\">Jotkut varustamot sallivat toisen paikan ostamisen, jos olet m\u00e4\u00e4ritellyt ajoneuvosi koon v\u00e4\u00e4rin \u2013 kuitenkin vain, jos tilaa on. L\u00e4ht\u00f6selvitysajat vaihtelevat yhti\u00f6itt\u00e4in.<\/span><\/p><p><span style=\"font-weight: 400;\">Varatessa on t\u00e4rke\u00e4\u00e4 ilmoittaa ajoneuvon tarkka pituus, rekisterinumero ja maakoodi.<\/span><\/p><h3><b>Tarvittavat asiakirjat Viroon ajettaessa<\/b><\/h3><p><span style=\"font-weight: 400;\">Ennen matkaa huolehdi seuraavista asiakirjoista:<\/span><\/p><p><span style=\"font-weight: 400;\">Passi tai henkil\u00f6kortti valokuvalla<\/span><\/p><p><span style=\"font-weight: 400;\">Ajokortti<\/span><\/p><p><span style=\"font-weight: 400;\">Maakoodi (FIN-tarra tai rekisterikilpi, jossa FIN-tunnus)<\/span><\/p><p><span style=\"font-weight: 400;\">Rekisteriotteen tekninen osa<\/span><\/p><p><span style=\"font-weight: 400;\">Valtakirja (jos ajoneuvo ei ole omissa nimiss\u00e4) tai vientilupa<\/span><\/p><p><span style=\"font-weight: 400;\">Lis\u00e4ksi suositellaan Green Cardia eli liikennevakuutuksen todistusta.<\/span><\/p><h3><b>Liikenteen erityispiirteet Virossa<\/b><\/h3><p><span style=\"font-weight: 400;\">Viron ja Suomen liikennekulttuurit ovat samankaltaiset, mutta Viro voi tuntua vauhdikkaammalta. Tiet ovat p\u00e4\u00e4osin hyv\u00e4ss\u00e4 kunnossa.<\/span><\/p><p><span style=\"font-weight: 400;\">Merkitt\u00e4vin ero on alkoholiraja \u2013 Virossa se on 0,2 \u2030, eli k\u00e4yt\u00e4nn\u00f6ss\u00e4 nollatoleranssi.<\/span><\/p><p><span style=\"font-weight: 400;\">Nopeusrajoitukset: kaupungeissa 50 km\/h, maanteill\u00e4 90 km\/h. Tihe\u00e4sti asutuilla alueilla voi olla 30 km\/h. Kiinnit\u00e4 huomiota liikennemerkkeihin!<\/span><\/p><p><span style=\"font-weight: 400;\">Huomioi my\u00f6s:<\/span><\/p><p><span style=\"font-weight: 400;\">P\u00e4iv\u00e4valot on pidett\u00e4v\u00e4 p\u00e4\u00e4ll\u00e4 aina ajettaessa<\/span><\/p><p><span style=\"font-weight: 400;\">Nopeusvalvontakamerat ovat yleisi\u00e4 p\u00e4\u00e4teill\u00e4<\/span><\/p><p><span style=\"font-weight: 400;\">Pys\u00e4hdy vain pys\u00e4k\u00f6intialueilla, \u00e4l\u00e4 tien reunaan<\/span><\/p><p>\u00a0<\/p><h3><b>Vakuutus ja Green Card<\/b><\/h3><p><span style=\"font-weight: 400;\">Green Card on kansainv\u00e4linen liikennevakuutuksen todistus, jonka saat vakuutusyhti\u00f6st\u00e4si. Se ei ole pakollinen Viroon matkustettaessa, mutta voi olla tarpeen jatkoreissuilla Baltiaan tai Keski-Eurooppaan.<\/span><\/p><p><span style=\"font-weight: 400;\">Tarkista etuk\u00e4teen kohdemaan vaatimukset. Green Card on ilmainen ja usein saatavilla digitaalisesti.<\/span><\/p><h3><b>Autoloman hinta<\/b><\/h3><p><span style=\"font-weight: 400;\">T\u00e4rkeimm\u00e4t kulut:<\/span><\/p><p><b>Lauttalippu<\/b><span style=\"font-weight: 400;\">: riippuu yhti\u00f6st\u00e4 ja auton koosta. Tavalliselle henkil\u00f6autolle 40\u201360 \u20ac (20\u201330 \u20ac \/ suunta). Priority-paikka maksaa lis\u00e4\u00e4.<\/span><\/p><p><b>Polttoaine<\/b><span style=\"font-weight: 400;\">: edullisempaa kuin Suomessa. 95-bensiini noin 1,805 \u20ac\/l ja diesel noin 1,719 \u20ac\/l (maaliskuu 2025).<\/span><\/p><p><b>Muut kulut<\/b><span style=\"font-weight: 400;\">:<\/span><\/p><p><span style=\"font-weight: 400;\">Pys\u00e4k\u00f6intimaksut<\/span><\/p><p><span style=\"font-weight: 400;\">Majoitus ja ruokailu<\/span><\/p><p><span style=\"font-weight: 400;\">Yll\u00e4tt\u00e4v\u00e4t kulut (sakkokulut, korjaukset)<\/span><\/p>\t\t\t\t\t\t\t\t<\/div>\n\t\t\t\t<\/div>\n\t\t\t\t\t<\/div>\n\t\t<\/div>\n\t\t\t\t\t<\/div>\n\t\t<\/section>\n\t\t\t\t<\/div>","protected":false},"excerpt":{"rendered":"<p>Narva-J\u00f5esuu \u00dcldinfo Narva-J\u00f5esuu on kuurortlinn Kirde-Eestis, paiknedes oma nimele vastavalt Narva j\u00f5e suudmes, Soome lahe \u00e4\u00e4res. T\u00e4nap\u00e4eval kuuluvad linna alla ka Vaivara ja Viivikonna piirkonnad. Elanike arv Narva-J\u00f5esuus on 4260. Narva linn j\u00e4\u00e4b pisut enam kui k\u00fcmne kilomeetri kaugusele. Pilk ajalukku Narva-J\u00f5esuud kutsuti 20. sajandi alguseni saksakeelse nimega Hungerburg. Juba tsaari ajal oli see populaarne [&hellip;]<\/p>\n","protected":false},"author":1,"featured_media":0,"parent":30,"menu_order":0,"comment_status":"closed","ping_status":"closed","template":"","meta":{"_monsterinsights_skip_tracking":false,"_monsterinsights_sitenote_active":false,"_monsterinsights_sitenote_note":"","_monsterinsights_sitenote_category":0,"site-sidebar-layout":"no-sidebar","site-content-layout":"page-builder","ast-site-content-layout":"default","site-content-style":"default","site-sidebar-style":"default","ast-global-header-display":"","ast-banner-title-visibility":"","ast-main-header-display":"","ast-hfb-above-header-display":"","ast-hfb-below-header-display":"","ast-hfb-mobile-header-display":"","site-post-title":"disabled","ast-breadcrumbs-content":"","ast-featured-img":"disabled","footer-sml-layout":"","ast-disable-related-posts":"","theme-transparent-header-meta":"","adv-header-id-meta":"","stick-header-meta":"","header-above-stick-meta":"","header-main-stick-meta":"","header-below-stick-meta":"","astra-migrate-meta-layouts":"default","ast-page-background-enabled":"default","ast-page-background-meta":{"desktop":{"background-color":"","background-image":"","background-repeat":"repeat","background-position":"center center","background-size":"auto","background-attachment":"scroll","background-type":"","background-media":"","overlay-type":"","overlay-color":"","overlay-opacity":"","overlay-gradient":""},"tablet":{"background-color":"","background-image":"","background-repeat":"repeat","background-position":"center center","background-size":"auto","background-attachment":"scroll","background-type":"","background-media":"","overlay-type":"","overlay-color":"","overlay-opacity":"","overlay-gradient":""},"mobile":{"background-color":"","background-image":"","background-repeat":"repeat","background-position":"center center","background-size":"auto","background-attachment":"scroll","background-type":"","background-media":"","overlay-type":"","overlay-color":"","overlay-opacity":"","overlay-gradient":""}},"ast-content-background-meta":{"desktop":{"background-color":"var(--ast-global-color-5)","background-image":"","background-repeat":"repeat","background-position":"center center","background-size":"auto","background-attachment":"scroll","background-type":"","background-media":"","overlay-type":"","overlay-color":"","overlay-opacity":"","overlay-gradient":""},"tablet":{"background-color":"var(--ast-global-color-5)","background-image":"","background-repeat":"repeat","background-position":"center center","background-size":"auto","background-attachment":"scroll","background-type":"","background-media":"","overlay-type":"","overlay-color":"","overlay-opacity":"","overlay-gradient":""},"mobile":{"background-color":"var(--ast-global-color-5)","background-image":"","background-repeat":"repeat","background-position":"center center","background-size":"auto","background-attachment":"scroll","background-type":"","background-media":"","overlay-type":"","overlay-color":"","overlay-opacity":"","overlay-gradient":""}},"footnotes":""},"class_list":["post-2576","page","type-page","status-publish","hentry"],"_links":{"self":[{"href":"https:\/\/narva-joesuujazz.ee\/fi\/wp-json\/wp\/v2\/pages\/2576","targetHints":{"allow":["GET"]}}],"collection":[{"href":"https:\/\/narva-joesuujazz.ee\/fi\/wp-json\/wp\/v2\/pages"}],"about":[{"href":"https:\/\/narva-joesuujazz.ee\/fi\/wp-json\/wp\/v2\/types\/page"}],"author":[{"embeddable":true,"href":"https:\/\/narva-joesuujazz.ee\/fi\/wp-json\/wp\/v2\/users\/1"}],"replies":[{"embeddable":true,"href":"https:\/\/narva-joesuujazz.ee\/fi\/wp-json\/wp\/v2\/comments?post=2576"}],"version-history":[{"count":21,"href":"https:\/\/narva-joesuujazz.ee\/fi\/wp-json\/wp\/v2\/pages\/2576\/revisions"}],"predecessor-version":[{"id":2714,"href":"https:\/\/narva-joesuujazz.ee\/fi\/wp-json\/wp\/v2\/pages\/2576\/revisions\/2714"}],"up":[{"embeddable":true,"href":"https:\/\/narva-joesuujazz.ee\/fi\/wp-json\/wp\/v2\/pages\/30"}],"wp:attachment":[{"href":"https:\/\/narva-joesuujazz.ee\/fi\/wp-json\/wp\/v2\/media?parent=2576"}],"curies":[{"name":"wp","href":"https:\/\/api.w.org\/{rel}","templated":true}]}}