{"id":2429,"date":"2025-03-19T09:17:27","date_gmt":"2025-03-19T09:17:27","guid":{"rendered":"https:\/\/narva-joesuujazz.ee\/?page_id=2429"},"modified":"2026-05-05T16:44:17","modified_gmt":"2026-05-05T16:44:17","slug":"kadri-voorand-mihkel-malgand","status":"publish","type":"page","link":"https:\/\/narva-joesuujazz.ee\/fi\/kadri-voorand-mihkel-malgand\/","title":{"rendered":"Kadri Voorand &#038; Mihkel M\u00e4lgand"},"content":{"rendered":"<div data-elementor-type=\"wp-page\" data-elementor-id=\"2429\" class=\"elementor elementor-2429\" data-elementor-post-type=\"page\">\n\t\t\t\t\t\t<section class=\"elementor-section elementor-top-section elementor-element elementor-element-365facb elementor-section-stretched elementor-section-boxed elementor-section-height-default elementor-section-height-default\" data-id=\"365facb\" data-element_type=\"section\" data-e-type=\"section\" data-settings=\"{&quot;background_background&quot;:&quot;classic&quot;,&quot;stretch_section&quot;:&quot;section-stretched&quot;}\">\n\t\t\t\t\t\t<div class=\"elementor-container elementor-column-gap-default\">\n\t\t\t\t\t<div class=\"elementor-column elementor-col-100 elementor-top-column elementor-element elementor-element-84082eb\" data-id=\"84082eb\" data-element_type=\"column\" data-e-type=\"column\">\n\t\t\t<div class=\"elementor-widget-wrap elementor-element-populated\">\n\t\t\t\t\t\t<div class=\"elementor-element elementor-element-ab64712 elementor-hidden-tablet elementor-hidden-mobile elementor-widget elementor-widget-spacer\" data-id=\"ab64712\" data-element_type=\"widget\" data-e-type=\"widget\" data-widget_type=\"spacer.default\">\n\t\t\t\t<div class=\"elementor-widget-container\">\n\t\t\t\t\t\t\t<div class=\"elementor-spacer\">\n\t\t\t<div class=\"elementor-spacer-inner\"><\/div>\n\t\t<\/div>\n\t\t\t\t\t\t<\/div>\n\t\t\t\t<\/div>\n\t\t\t\t\t<\/div>\n\t\t<\/div>\n\t\t\t\t\t<\/div>\n\t\t<\/section>\n\t\t\t\t<section class=\"elementor-section elementor-top-section elementor-element elementor-element-b3ccd2f elementor-section-boxed elementor-section-height-default elementor-section-height-default\" data-id=\"b3ccd2f\" data-element_type=\"section\" data-e-type=\"section\" data-settings=\"{&quot;background_background&quot;:&quot;classic&quot;}\">\n\t\t\t\t\t\t\t<div class=\"elementor-background-overlay\"><\/div>\n\t\t\t\t\t\t\t<div class=\"elementor-container elementor-column-gap-default\">\n\t\t\t\t\t<div class=\"elementor-column elementor-col-100 elementor-top-column elementor-element elementor-element-0852646\" data-id=\"0852646\" data-element_type=\"column\" data-e-type=\"column\">\n\t\t\t<div class=\"elementor-widget-wrap elementor-element-populated\">\n\t\t\t\t\t\t<div class=\"elementor-element elementor-element-a6e82a4 elementor-widget elementor-widget-spacer\" data-id=\"a6e82a4\" data-element_type=\"widget\" data-e-type=\"widget\" data-widget_type=\"spacer.default\">\n\t\t\t\t<div class=\"elementor-widget-container\">\n\t\t\t\t\t\t\t<div class=\"elementor-spacer\">\n\t\t\t<div class=\"elementor-spacer-inner\"><\/div>\n\t\t<\/div>\n\t\t\t\t\t\t<\/div>\n\t\t\t\t<\/div>\n\t\t\t\t<div class=\"elementor-element elementor-element-69a9f21 elementor-widget elementor-widget-heading\" data-id=\"69a9f21\" data-element_type=\"widget\" data-e-type=\"widget\" data-widget_type=\"heading.default\">\n\t\t\t\t<div class=\"elementor-widget-container\">\n\t\t\t\t\t<h2 class=\"elementor-heading-title elementor-size-default\">Kadri Voorand in duo with Mihkel M\u00e4lgand (EST)<\/h2>\t\t\t\t<\/div>\n\t\t\t\t<\/div>\n\t\t\t\t<div class=\"elementor-element elementor-element-94ad421 elementor-widget elementor-widget-spacer\" data-id=\"94ad421\" data-element_type=\"widget\" data-e-type=\"widget\" data-widget_type=\"spacer.default\">\n\t\t\t\t<div class=\"elementor-widget-container\">\n\t\t\t\t\t\t\t<div class=\"elementor-spacer\">\n\t\t\t<div class=\"elementor-spacer-inner\"><\/div>\n\t\t<\/div>\n\t\t\t\t\t\t<\/div>\n\t\t\t\t<\/div>\n\t\t\t\t<div class=\"elementor-element elementor-element-7dec1a4 elementor-widget elementor-widget-text-editor\" data-id=\"7dec1a4\" data-element_type=\"widget\" data-e-type=\"widget\" data-widget_type=\"text-editor.default\">\n\t\t\t\t<div class=\"elementor-widget-container\">\n\t\t\t\t\t\t\t\t\t<p class=\"translation-block\">Palkittu virolainen laulaja, pianisti ja s\u00e4velt\u00e4j\u00e4 Kadri Voorand tuo Narva-J\u00f5esuu Jazzille ainutlaatuisen musiikillisen maailman, jossa yhdistyv\u00e4t henkisyys, folk ja improvisatorinen pop. H\u00e4nen musiikkiaan leimaa v\u00e4lit\u00f6n tunneilmaisu, vahva lavapresenssi sek\u00e4 kyky luoda yleis\u00f6\u00f6n syv\u00e4 ja suora yhteys.<\/p><p class=\"translation-block\">Voorand on esiintynyt kansainv\u00e4lisill\u00e4 lavoilla, muun muassa EFG London Jazz Festivalilla, Trondheim Jazzfestill\u00e4 ja Pori Jazzissa, saaden tunnustusta sek\u00e4 kriitikoilta ett\u00e4 yleis\u00f6lt\u00e4. H\u00e4nen musiikkiaan on kuvattu genrerajat ylitt\u00e4v\u00e4ksi ja mukaansatempaavaksi kokonaisuudeksi, jossa harkitut sovitukset ja spontaani improvisaatio muodostavat omaleimaisen ilmaisun.<\/p><p class=\"translation-block\">Yhdess\u00e4 arvostetun basistin ja kontrabasistin Mihkel M\u00e4lgandin kanssa Voorand luo intiimin mutta samalla voimakkaan musiikillisen vuoropuhelun. M\u00e4lgand on arvostettu nimi eurooppalaisella jazzkent\u00e4ll\u00e4, ja h\u00e4n on tehnyt yhteisty\u00f6t\u00e4 artistien kuten John Scofieldin, Randy Breckerin, Nils Landgrenin ja Kurt Ellingin kanssa.<\/p><p><span style=\"font-weight: 400;\">Heid\u00e4n yhteinen soundinsa liikkuu luontevasti jazzballadien, folk-vaikutteiden ja vapaan improvisaation v\u00e4lill\u00e4, yhdist\u00e4en tarinankerronnan, vokaalitaiteen ja leikkis\u00e4n l\u00e4hestymistavan muotoon. Olipa kyseess\u00e4 hienovarainen hetki tai energisempi huipennus, heid\u00e4n konserttinsa on ehe\u00e4 ja mukaansatempaava kuuntelukokemus.<\/span><\/p><p><span style=\"font-weight: 400;\">\u2e3b<\/span><\/p><p><b>Kokoonpano<\/b><b><br \/><\/b><span style=\"font-weight: 400;\">Kadri Voorand \u2013 laulu, piano, viulu, live-elektroniikka<\/span><span style=\"font-weight: 400;\"><br \/><\/span><span style=\"font-weight: 400;\">Mihkel M\u00e4lgand \u2013 kontrabasso, basso<\/span><\/p><p>\u00a0<\/p><p><span style=\"font-weight: 400;\">Video: <\/span><a href=\"https:\/\/youtu.be\/SdlOVpatUvU?si=ujd0ujMh-85dvLzY\"><span style=\"font-weight: 400;\">https:\/\/youtu.be\/SdlOVpatUvU?si=ujd0ujMh-85dvLzY<\/span><\/a><\/p><p><span style=\"font-weight: 400;\">Artisti koduleht: <\/span><a href=\"https:\/\/www.kadrivoorand.com\/\"><span style=\"font-weight: 400;\">https:\/\/www.kadrivoorand.com\/<\/span><\/a><\/p>\t\t\t\t\t\t\t\t<\/div>\n\t\t\t\t<\/div>\n\t\t\t\t<div class=\"elementor-element elementor-element-012d341 elementor-widget elementor-widget-spacer\" data-id=\"012d341\" data-element_type=\"widget\" data-e-type=\"widget\" data-widget_type=\"spacer.default\">\n\t\t\t\t<div class=\"elementor-widget-container\">\n\t\t\t\t\t\t\t<div class=\"elementor-spacer\">\n\t\t\t<div class=\"elementor-spacer-inner\"><\/div>\n\t\t<\/div>\n\t\t\t\t\t\t<\/div>\n\t\t\t\t<\/div>\n\t\t\t\t\t<\/div>\n\t\t<\/div>\n\t\t\t\t\t<\/div>\n\t\t<\/section>\n\t\t\t\t<\/div>","protected":false},"excerpt":{"rendered":"<p>Kadri Voorand in duo with Mihkel M\u00e4lgand (EST) Auhinnatud Eesti laulja, pianist ja helilooja Kadri Voorand toob Narva-J\u00f5esuu Jazzile ainulaadse muusikalise maailma, kus kohtuvad spirituaalsus, folk ja improvisatsiooniline pop. Tema loomingut iseloomustab vahetu emotsionaalsus, tugev lavaline kohalolu ning v\u00f5ime luua publikuga s\u00fcgav ja vahetu side. Voorand on esinenud rahvusvahelistel lavadel, sealhulgas EFG London Jazz Festival, [&hellip;]<\/p>\n","protected":false},"author":1,"featured_media":0,"parent":0,"menu_order":0,"comment_status":"closed","ping_status":"closed","template":"","meta":{"_monsterinsights_skip_tracking":false,"_monsterinsights_sitenote_active":false,"_monsterinsights_sitenote_note":"","_monsterinsights_sitenote_category":0,"site-sidebar-layout":"no-sidebar","site-content-layout":"page-builder","ast-site-content-layout":"default","site-content-style":"default","site-sidebar-style":"default","ast-global-header-display":"","ast-banner-title-visibility":"","ast-main-header-display":"","ast-hfb-above-header-display":"","ast-hfb-below-header-display":"","ast-hfb-mobile-header-display":"","site-post-title":"disabled","ast-breadcrumbs-content":"","ast-featured-img":"disabled","footer-sml-layout":"","ast-disable-related-posts":"","theme-transparent-header-meta":"","adv-header-id-meta":"","stick-header-meta":"","header-above-stick-meta":"","header-main-stick-meta":"","header-below-stick-meta":"","astra-migrate-meta-layouts":"default","ast-page-background-enabled":"default","ast-page-background-meta":{"desktop":{"background-color":"","background-image":"","background-repeat":"repeat","background-position":"center center","background-size":"auto","background-attachment":"scroll","background-type":"","background-media":"","overlay-type":"","overlay-color":"","overlay-opacity":"","overlay-gradient":""},"tablet":{"background-color":"","background-image":"","background-repeat":"repeat","background-position":"center center","background-size":"auto","background-attachment":"scroll","background-type":"","background-media":"","overlay-type":"","overlay-color":"","overlay-opacity":"","overlay-gradient":""},"mobile":{"background-color":"","background-image":"","background-repeat":"repeat","background-position":"center center","background-size":"auto","background-attachment":"scroll","background-type":"","background-media":"","overlay-type":"","overlay-color":"","overlay-opacity":"","overlay-gradient":""}},"ast-content-background-meta":{"desktop":{"background-color":"var(--ast-global-color-5)","background-image":"","background-repeat":"repeat","background-position":"center center","background-size":"auto","background-attachment":"scroll","background-type":"","background-media":"","overlay-type":"","overlay-color":"","overlay-opacity":"","overlay-gradient":""},"tablet":{"background-color":"var(--ast-global-color-5)","background-image":"","background-repeat":"repeat","background-position":"center center","background-size":"auto","background-attachment":"scroll","background-type":"","background-media":"","overlay-type":"","overlay-color":"","overlay-opacity":"","overlay-gradient":""},"mobile":{"background-color":"var(--ast-global-color-5)","background-image":"","background-repeat":"repeat","background-position":"center center","background-size":"auto","background-attachment":"scroll","background-type":"","background-media":"","overlay-type":"","overlay-color":"","overlay-opacity":"","overlay-gradient":""}},"footnotes":""},"class_list":["post-2429","page","type-page","status-publish","hentry"],"_links":{"self":[{"href":"https:\/\/narva-joesuujazz.ee\/fi\/wp-json\/wp\/v2\/pages\/2429","targetHints":{"allow":["GET"]}}],"collection":[{"href":"https:\/\/narva-joesuujazz.ee\/fi\/wp-json\/wp\/v2\/pages"}],"about":[{"href":"https:\/\/narva-joesuujazz.ee\/fi\/wp-json\/wp\/v2\/types\/page"}],"author":[{"embeddable":true,"href":"https:\/\/narva-joesuujazz.ee\/fi\/wp-json\/wp\/v2\/users\/1"}],"replies":[{"embeddable":true,"href":"https:\/\/narva-joesuujazz.ee\/fi\/wp-json\/wp\/v2\/comments?post=2429"}],"version-history":[{"count":59,"href":"https:\/\/narva-joesuujazz.ee\/fi\/wp-json\/wp\/v2\/pages\/2429\/revisions"}],"predecessor-version":[{"id":3044,"href":"https:\/\/narva-joesuujazz.ee\/fi\/wp-json\/wp\/v2\/pages\/2429\/revisions\/3044"}],"wp:attachment":[{"href":"https:\/\/narva-joesuujazz.ee\/fi\/wp-json\/wp\/v2\/media?parent=2429"}],"curies":[{"name":"wp","href":"https:\/\/api.w.org\/{rel}","templated":true}]}}