{"id":2382,"date":"2025-03-19T08:54:50","date_gmt":"2025-03-19T08:54:50","guid":{"rendered":"https:\/\/narva-joesuujazz.ee\/?page_id=2382"},"modified":"2026-05-05T18:33:15","modified_gmt":"2026-05-05T18:33:15","slug":"dado-moroni","status":"publish","type":"page","link":"https:\/\/narva-joesuujazz.ee\/fi\/dado-moroni\/","title":{"rendered":"Dado Moroni"},"content":{"rendered":"<div data-elementor-type=\"wp-page\" data-elementor-id=\"2382\" class=\"elementor elementor-2382\" data-elementor-post-type=\"page\">\n\t\t\t\t\t\t<section class=\"elementor-section elementor-top-section elementor-element elementor-element-365facb elementor-section-stretched elementor-section-boxed elementor-section-height-default elementor-section-height-default\" data-id=\"365facb\" data-element_type=\"section\" data-e-type=\"section\" data-settings=\"{&quot;background_background&quot;:&quot;classic&quot;,&quot;stretch_section&quot;:&quot;section-stretched&quot;}\">\n\t\t\t\t\t\t<div class=\"elementor-container elementor-column-gap-default\">\n\t\t\t\t\t<div class=\"elementor-column elementor-col-100 elementor-top-column elementor-element elementor-element-84082eb\" data-id=\"84082eb\" data-element_type=\"column\" data-e-type=\"column\">\n\t\t\t<div class=\"elementor-widget-wrap elementor-element-populated\">\n\t\t\t\t\t\t<div class=\"elementor-element elementor-element-8405c97 elementor-hidden-tablet elementor-hidden-mobile elementor-widget elementor-widget-spacer\" data-id=\"8405c97\" data-element_type=\"widget\" data-e-type=\"widget\" data-widget_type=\"spacer.default\">\n\t\t\t\t<div class=\"elementor-widget-container\">\n\t\t\t\t\t\t\t<div class=\"elementor-spacer\">\n\t\t\t<div class=\"elementor-spacer-inner\"><\/div>\n\t\t<\/div>\n\t\t\t\t\t\t<\/div>\n\t\t\t\t<\/div>\n\t\t\t\t\t<\/div>\n\t\t<\/div>\n\t\t\t\t\t<\/div>\n\t\t<\/section>\n\t\t\t\t<section class=\"elementor-section elementor-top-section elementor-element elementor-element-b3ccd2f elementor-section-boxed elementor-section-height-default elementor-section-height-default\" data-id=\"b3ccd2f\" data-element_type=\"section\" data-e-type=\"section\" data-settings=\"{&quot;background_background&quot;:&quot;classic&quot;}\">\n\t\t\t\t\t\t\t<div class=\"elementor-background-overlay\"><\/div>\n\t\t\t\t\t\t\t<div class=\"elementor-container elementor-column-gap-default\">\n\t\t\t\t\t<div class=\"elementor-column elementor-col-100 elementor-top-column elementor-element elementor-element-0852646\" data-id=\"0852646\" data-element_type=\"column\" data-e-type=\"column\">\n\t\t\t<div class=\"elementor-widget-wrap elementor-element-populated\">\n\t\t\t\t\t\t<div class=\"elementor-element elementor-element-a6e82a4 elementor-widget elementor-widget-spacer\" data-id=\"a6e82a4\" data-element_type=\"widget\" data-e-type=\"widget\" data-widget_type=\"spacer.default\">\n\t\t\t\t<div class=\"elementor-widget-container\">\n\t\t\t\t\t\t\t<div class=\"elementor-spacer\">\n\t\t\t<div class=\"elementor-spacer-inner\"><\/div>\n\t\t<\/div>\n\t\t\t\t\t\t<\/div>\n\t\t\t\t<\/div>\n\t\t\t\t<div class=\"elementor-element elementor-element-69a9f21 elementor-widget elementor-widget-heading\" data-id=\"69a9f21\" data-element_type=\"widget\" data-e-type=\"widget\" data-widget_type=\"heading.default\">\n\t\t\t\t<div class=\"elementor-widget-container\">\n\t\t\t\t\t<h2 class=\"elementor-heading-title elementor-size-default\">Dado Moroni (ITA)<\/h2>\t\t\t\t<\/div>\n\t\t\t\t<\/div>\n\t\t\t\t<div class=\"elementor-element elementor-element-94ad421 elementor-widget elementor-widget-spacer\" data-id=\"94ad421\" data-element_type=\"widget\" data-e-type=\"widget\" data-widget_type=\"spacer.default\">\n\t\t\t\t<div class=\"elementor-widget-container\">\n\t\t\t\t\t\t\t<div class=\"elementor-spacer\">\n\t\t\t<div class=\"elementor-spacer-inner\"><\/div>\n\t\t<\/div>\n\t\t\t\t\t\t<\/div>\n\t\t\t\t<\/div>\n\t\t\t\t<div class=\"elementor-element elementor-element-7dec1a4 elementor-widget elementor-widget-text-editor\" data-id=\"7dec1a4\" data-element_type=\"widget\" data-e-type=\"widget\" data-widget_type=\"text-editor.default\">\n\t\t\t\t<div class=\"elementor-widget-container\">\n\t\t\t\t\t\t\t\t\t<p class=\"translation-block\">Edgardo \u201cDado\u201d Moroni on yksi Italian arvostetuimmista jazzpianisteista \u2013 muusikko, jonka soitossa yhdistyv\u00e4t loistava swing, bebopin energia ja elegantti pianotyyli. H\u00e4n on esiintynyt jazzlegendojen, kuten Dizzy Gillespien, Chet Bakerin, Wynton Marsaliksen, Freddie Hubbardinin, Roy Hargroven ja Tom Harrellin kanssa. Genovassa syntynyt Moroni aloitti pianonsoiton jo 4-vuotiaana, ja h\u00e4nen musiikilliset juurensa ulottuvat Fats Wallerin, Art Tatumin ja Erroll Garnerin perinteest\u00e4 Bill Evansin, Oscar Petersonin ja Herbie Hancockin vaikutteisiin.<\/p><p class=\"translation-block\">Moroni aloitti ammattilaisuransa vain 14-vuotiaana. Vuonna 1979 kohtaaminen trumpetisti Franco Ambrosettin kanssa avasi h\u00e4nelle tien kansainv\u00e4lisille jazzareenoille. Vuonna 1987 Moroni kutsuttiin tuomariksi ensimm\u00e4iseen Thelonious Monk Jazz Competition - kilpailuun (Smithsonian Institute, Washington D.C.), ja samana vuonna h\u00e4n \u00e4\u00e4nitti New Yorkissa albumin \u201cRon Carter Presents Dado Moroni\u201d yhdess\u00e4 bassolegenda Ron Carterin kanssa. Vuonna 1991 h\u00e4n muutti Yhdysvaltoihin ja liittyi New Yorkin jazzkentt\u00e4\u00e4n esiintyen s\u00e4\u00e4nn\u00f6llisesti klubeilla kuten Blue Note ja Birdland.<\/p><p class=\"translation-block\">Moroni on kiert\u00e4nyt ymp\u00e4ri maailmaa ja levytt\u00e4nyt yli 60 albumia, joista 14 omissa nimiss\u00e4\u00e4n. H\u00e4nen nykyiset projektinsa ulottuvat trioista ja kvinteteist\u00e4 duoihin (muun muassa tenorisaksofonisti Max Ionatan kanssa), yhdist\u00e4en klassisen jazzperinteen virtuoosisuuteen ja syv\u00e4lliseen musiikilliseen ilmaisuun.<\/p><p class=\"translation-block\">Narva-J\u00f5esuu Jazzissa h\u00e4n esiintyy Dado Moroni Trion kanssa.<\/p><p><span style=\"font-weight: 400;\"><strong>Katso video<\/strong>: <\/span><a href=\"https:\/\/youtu.be\/gBkn7FXb-8A?si=agpqQGLPvuxMRC9f\" target=\"_blank\" rel=\"noopener\"><span style=\"font-weight: 400;\">https:\/\/youtu.be\/gBkn7FXb-8A?si=agpqQGLPvuxMRC9f<\/span><\/a><\/p><p><span style=\"font-weight: 400;\"><strong>Artisti kotisivu<\/strong>: <\/span><a href=\"https:\/\/dadomoronijazz.com\/\" target=\"_blank\" rel=\"noopener\"><span style=\"font-weight: 400;\">https:\/\/dadomoronijazz.com\/<\/span><\/a><\/p>\t\t\t\t\t\t\t\t<\/div>\n\t\t\t\t<\/div>\n\t\t\t\t<div class=\"elementor-element elementor-element-012d341 elementor-widget elementor-widget-spacer\" data-id=\"012d341\" data-element_type=\"widget\" data-e-type=\"widget\" data-widget_type=\"spacer.default\">\n\t\t\t\t<div class=\"elementor-widget-container\">\n\t\t\t\t\t\t\t<div class=\"elementor-spacer\">\n\t\t\t<div class=\"elementor-spacer-inner\"><\/div>\n\t\t<\/div>\n\t\t\t\t\t\t<\/div>\n\t\t\t\t<\/div>\n\t\t\t\t\t<\/div>\n\t\t<\/div>\n\t\t\t\t\t<\/div>\n\t\t<\/section>\n\t\t\t\t<\/div>","protected":false},"excerpt":{"rendered":"<p>Dado Moroni (ITA) Edgardo \u201cDado\u201d Moroni on \u00fcks Itaalia hinnatumaid jazzpianiste \u2013 s\u00e4rava swing\u2019i, bebopi energia ja elegantse klaverik\u00f5laga muusik, kes on jaganud lava selliste legendidega nagu Dizzy Gillespie, Chet Baker, Wynton Marsalis, Freddie Hubbard, Roy Hargrove ja Tom Harrell. Genovas s\u00fcndinud Moroni alustas klaverim\u00e4ngu 4-aastaselt ning tema stiili juured ulatuvad Fats Walleri, Art Tatumi [&hellip;]<\/p>\n","protected":false},"author":1,"featured_media":0,"parent":0,"menu_order":0,"comment_status":"closed","ping_status":"closed","template":"","meta":{"_monsterinsights_skip_tracking":false,"_monsterinsights_sitenote_active":false,"_monsterinsights_sitenote_note":"","_monsterinsights_sitenote_category":0,"site-sidebar-layout":"no-sidebar","site-content-layout":"page-builder","ast-site-content-layout":"default","site-content-style":"default","site-sidebar-style":"default","ast-global-header-display":"","ast-banner-title-visibility":"","ast-main-header-display":"","ast-hfb-above-header-display":"","ast-hfb-below-header-display":"","ast-hfb-mobile-header-display":"","site-post-title":"disabled","ast-breadcrumbs-content":"","ast-featured-img":"disabled","footer-sml-layout":"","ast-disable-related-posts":"","theme-transparent-header-meta":"","adv-header-id-meta":"","stick-header-meta":"","header-above-stick-meta":"","header-main-stick-meta":"","header-below-stick-meta":"","astra-migrate-meta-layouts":"default","ast-page-background-enabled":"default","ast-page-background-meta":{"desktop":{"background-color":"","background-image":"","background-repeat":"repeat","background-position":"center center","background-size":"auto","background-attachment":"scroll","background-type":"","background-media":"","overlay-type":"","overlay-color":"","overlay-opacity":"","overlay-gradient":""},"tablet":{"background-color":"","background-image":"","background-repeat":"repeat","background-position":"center center","background-size":"auto","background-attachment":"scroll","background-type":"","background-media":"","overlay-type":"","overlay-color":"","overlay-opacity":"","overlay-gradient":""},"mobile":{"background-color":"","background-image":"","background-repeat":"repeat","background-position":"center center","background-size":"auto","background-attachment":"scroll","background-type":"","background-media":"","overlay-type":"","overlay-color":"","overlay-opacity":"","overlay-gradient":""}},"ast-content-background-meta":{"desktop":{"background-color":"var(--ast-global-color-5)","background-image":"","background-repeat":"repeat","background-position":"center center","background-size":"auto","background-attachment":"scroll","background-type":"","background-media":"","overlay-type":"","overlay-color":"","overlay-opacity":"","overlay-gradient":""},"tablet":{"background-color":"var(--ast-global-color-5)","background-image":"","background-repeat":"repeat","background-position":"center center","background-size":"auto","background-attachment":"scroll","background-type":"","background-media":"","overlay-type":"","overlay-color":"","overlay-opacity":"","overlay-gradient":""},"mobile":{"background-color":"var(--ast-global-color-5)","background-image":"","background-repeat":"repeat","background-position":"center center","background-size":"auto","background-attachment":"scroll","background-type":"","background-media":"","overlay-type":"","overlay-color":"","overlay-opacity":"","overlay-gradient":""}},"footnotes":""},"class_list":["post-2382","page","type-page","status-publish","hentry"],"_links":{"self":[{"href":"https:\/\/narva-joesuujazz.ee\/fi\/wp-json\/wp\/v2\/pages\/2382","targetHints":{"allow":["GET"]}}],"collection":[{"href":"https:\/\/narva-joesuujazz.ee\/fi\/wp-json\/wp\/v2\/pages"}],"about":[{"href":"https:\/\/narva-joesuujazz.ee\/fi\/wp-json\/wp\/v2\/types\/page"}],"author":[{"embeddable":true,"href":"https:\/\/narva-joesuujazz.ee\/fi\/wp-json\/wp\/v2\/users\/1"}],"replies":[{"embeddable":true,"href":"https:\/\/narva-joesuujazz.ee\/fi\/wp-json\/wp\/v2\/comments?post=2382"}],"version-history":[{"count":101,"href":"https:\/\/narva-joesuujazz.ee\/fi\/wp-json\/wp\/v2\/pages\/2382\/revisions"}],"predecessor-version":[{"id":3062,"href":"https:\/\/narva-joesuujazz.ee\/fi\/wp-json\/wp\/v2\/pages\/2382\/revisions\/3062"}],"wp:attachment":[{"href":"https:\/\/narva-joesuujazz.ee\/fi\/wp-json\/wp\/v2\/media?parent=2382"}],"curies":[{"name":"wp","href":"https:\/\/api.w.org\/{rel}","templated":true}]}}