{"id":30,"date":"2020-04-13T11:18:54","date_gmt":"2020-04-13T11:18:54","guid":{"rendered":"https:\/\/narva-joesuujazz.ee\/home\/"},"modified":"2026-04-21T19:15:11","modified_gmt":"2026-04-21T19:15:11","slug":"home","status":"publish","type":"page","link":"https:\/\/narva-joesuujazz.ee\/en\/","title":{"rendered":"Home"},"content":{"rendered":"<div data-elementor-type=\"wp-page\" data-elementor-id=\"30\" class=\"elementor elementor-30\" data-elementor-post-type=\"page\">\n\t\t\t\t\t\t<section class=\"elementor-section elementor-top-section elementor-element elementor-element-5939a86c elementor-section-height-min-height elementor-section-full_width elementor-section-height-default elementor-section-items-middle\" data-id=\"5939a86c\" data-element_type=\"section\" data-e-type=\"section\" data-settings=\"{&quot;background_background&quot;:&quot;classic&quot;}\">\n\t\t\t\t\t\t\t<div class=\"elementor-background-overlay\"><\/div>\n\t\t\t\t\t\t\t<div class=\"elementor-container elementor-column-gap-no\">\n\t\t\t\t\t<div class=\"elementor-column elementor-col-100 elementor-top-column elementor-element elementor-element-6f6a47a9\" data-id=\"6f6a47a9\" data-element_type=\"column\" data-e-type=\"column\">\n\t\t\t<div class=\"elementor-widget-wrap elementor-element-populated\">\n\t\t\t\t\t\t<div class=\"elementor-element elementor-element-c117bc2 elementor-widget elementor-widget-spacer\" data-id=\"c117bc2\" data-element_type=\"widget\" data-e-type=\"widget\" data-widget_type=\"spacer.default\">\n\t\t\t\t<div class=\"elementor-widget-container\">\n\t\t\t\t\t\t\t<div class=\"elementor-spacer\">\n\t\t\t<div class=\"elementor-spacer-inner\"><\/div>\n\t\t<\/div>\n\t\t\t\t\t\t<\/div>\n\t\t\t\t<\/div>\n\t\t\t\t\t<\/div>\n\t\t<\/div>\n\t\t\t\t\t<\/div>\n\t\t<\/section>\n\t\t\t\t<section class=\"elementor-section elementor-top-section elementor-element elementor-element-6f7899f elementor-section-boxed elementor-section-height-default elementor-section-height-default\" data-id=\"6f7899f\" data-element_type=\"section\" data-e-type=\"section\">\n\t\t\t\t\t\t<div class=\"elementor-container elementor-column-gap-default\">\n\t\t\t\t\t<div class=\"elementor-column elementor-col-100 elementor-top-column elementor-element elementor-element-06c4ee6\" data-id=\"06c4ee6\" data-element_type=\"column\" data-e-type=\"column\">\n\t\t\t<div class=\"elementor-widget-wrap elementor-element-populated\">\n\t\t\t\t\t\t<div class=\"elementor-element elementor-element-85cf4bc elementor-widget elementor-widget-spacer\" data-id=\"85cf4bc\" data-element_type=\"widget\" data-e-type=\"widget\" data-widget_type=\"spacer.default\">\n\t\t\t\t<div class=\"elementor-widget-container\">\n\t\t\t\t\t\t\t<div class=\"elementor-spacer\">\n\t\t\t<div class=\"elementor-spacer-inner\"><\/div>\n\t\t<\/div>\n\t\t\t\t\t\t<\/div>\n\t\t\t\t<\/div>\n\t\t\t\t<div class=\"elementor-element elementor-element-8b3b0bc elementor-widget elementor-widget-text-editor\" data-id=\"8b3b0bc\" data-element_type=\"widget\" data-e-type=\"widget\" data-widget_type=\"text-editor.default\">\n\t\t\t\t<div class=\"elementor-widget-container\">\n\t\t\t\t\t\t\t\t\t<p class=\"translation-block\">Narva-J\u00f5esuu Jazz is a traditional gem in the landscape of Estonia\u2019s summer festivals!<\/p><p><span style=\"font-weight: 400;\">The enchanting nature of the resort town, with its charming beach and promenades, together with world-class jazz stars in the middle of the city park \u2013 all this has brought the festival large audiences and exceptionally warm feedback from guests.<\/span><\/p><p class=\"translation-block\">Narva-J\u00f5esuu Jazz 2026 will take place on Saturday, July 25, in Hele Park.<\/p><p class=\"translation-block\">The first announced artists for 2026 are one of Italy\u2019s most acclaimed jazz pianists Dado Moroni and Ireland\u2019s powerful soul and jazz vocalist Dana Masters!<\/p><p><span style=\"font-weight: 400;\">The full festival programme will be revealed soon.<\/span><\/p><p><span style=\"font-weight: 400;\">See you in the summer of 2026 in wonderful Narva-J\u00f5esuu!<\/span><\/p>\t\t\t\t\t\t\t\t<\/div>\n\t\t\t\t<\/div>\n\t\t\t\t<div class=\"elementor-element elementor-element-f713ea4 elementor-align-center elementor-widget elementor-widget-button\" data-id=\"f713ea4\" data-element_type=\"widget\" data-e-type=\"widget\" data-widget_type=\"button.default\">\n\t\t\t\t<div class=\"elementor-widget-container\">\n\t\t\t\t\t\t\t\t\t<div class=\"elementor-button-wrapper\">\n\t\t\t\t\t<a class=\"elementor-button elementor-button-link elementor-size-sm\" href=\"https:\/\/piletikeskus.ee\/et\/e\/x9lcme\" target=\"_blank\">\n\t\t\t\t\t\t<span class=\"elementor-button-content-wrapper\">\n\t\t\t\t\t\t\t\t\t<span class=\"elementor-button-text\">Tickets<\/span>\n\t\t\t\t\t<\/span>\n\t\t\t\t\t<\/a>\n\t\t\t\t<\/div>\n\t\t\t\t\t\t\t\t<\/div>\n\t\t\t\t<\/div>\n\t\t\t\t\t<\/div>\n\t\t<\/div>\n\t\t\t\t\t<\/div>\n\t\t<\/section>\n\t\t\t\t<section class=\"elementor-section elementor-top-section elementor-element elementor-element-9d6ab71 elementor-section-boxed elementor-section-height-default elementor-section-height-default\" data-id=\"9d6ab71\" data-element_type=\"section\" data-e-type=\"section\">\n\t\t\t\t\t\t<div class=\"elementor-container elementor-column-gap-default\">\n\t\t\t\t\t<div class=\"elementor-column elementor-col-100 elementor-top-column elementor-element elementor-element-dcbaaa4\" data-id=\"dcbaaa4\" data-element_type=\"column\" data-e-type=\"column\">\n\t\t\t<div class=\"elementor-widget-wrap elementor-element-populated\">\n\t\t\t\t\t\t<div class=\"elementor-element elementor-element-d2e3e65 elementor-widget elementor-widget-spacer\" data-id=\"d2e3e65\" data-element_type=\"widget\" data-e-type=\"widget\" data-widget_type=\"spacer.default\">\n\t\t\t\t<div class=\"elementor-widget-container\">\n\t\t\t\t\t\t\t<div class=\"elementor-spacer\">\n\t\t\t<div class=\"elementor-spacer-inner\"><\/div>\n\t\t<\/div>\n\t\t\t\t\t\t<\/div>\n\t\t\t\t<\/div>\n\t\t\t\t<div class=\"elementor-element elementor-element-8ddd083 elementor-widget elementor-widget-text-editor\" data-id=\"8ddd083\" data-element_type=\"widget\" data-e-type=\"widget\" data-widget_type=\"text-editor.default\">\n\t\t\t\t<div class=\"elementor-widget-container\">\n\t\t\t\t\t\t\t\t\t<p>Follow us on <a href=\"https:\/\/www.facebook.com\/profile.php?id=100091250622061\" target=\"_blank\" rel=\"noopener\">Facebook<\/a> and <a href=\"https:\/\/www.instagram.com\/narvajoesuujazz\/\" target=\"_blank\" rel=\"noopener\">Instagram<\/a><\/p>\t\t\t\t\t\t\t\t<\/div>\n\t\t\t\t<\/div>\n\t\t\t\t\t<\/div>\n\t\t<\/div>\n\t\t\t\t\t<\/div>\n\t\t<\/section>\n\t\t\t\t<section class=\"elementor-section elementor-top-section elementor-element elementor-element-5f96f3b elementor-section-boxed elementor-section-height-default elementor-section-height-default\" data-id=\"5f96f3b\" data-element_type=\"section\" data-e-type=\"section\">\n\t\t\t\t\t\t<div class=\"elementor-container elementor-column-gap-default\">\n\t\t\t\t\t<div class=\"elementor-column elementor-col-100 elementor-top-column elementor-element elementor-element-a6862d3\" data-id=\"a6862d3\" data-element_type=\"column\" data-e-type=\"column\">\n\t\t\t<div class=\"elementor-widget-wrap elementor-element-populated\">\n\t\t\t\t\t\t<div class=\"elementor-element elementor-element-8e61480 elementor-widget elementor-widget-image\" data-id=\"8e61480\" data-element_type=\"widget\" data-e-type=\"widget\" data-widget_type=\"image.default\">\n\t\t\t\t<div class=\"elementor-widget-container\">\n\t\t\t\t\t\t\t\t\t\t\t\t\t\t\t<img fetchpriority=\"high\" decoding=\"async\" width=\"1024\" height=\"241\" src=\"https:\/\/narva-joesuujazz.ee\/wp-content\/uploads\/2025\/04\/ESKF-logo-FI-EE-SE-pos-150dpi-1024x241.png\" class=\"attachment-large size-large wp-image-2711\" alt=\"\" srcset=\"https:\/\/narva-joesuujazz.ee\/wp-content\/uploads\/2025\/04\/ESKF-logo-FI-EE-SE-pos-150dpi-1024x241.png 1024w, https:\/\/narva-joesuujazz.ee\/wp-content\/uploads\/2025\/04\/ESKF-logo-FI-EE-SE-pos-150dpi-300x71.png 300w, https:\/\/narva-joesuujazz.ee\/wp-content\/uploads\/2025\/04\/ESKF-logo-FI-EE-SE-pos-150dpi-768x181.png 768w, https:\/\/narva-joesuujazz.ee\/wp-content\/uploads\/2025\/04\/ESKF-logo-FI-EE-SE-pos-150dpi-18x4.png 18w, https:\/\/narva-joesuujazz.ee\/wp-content\/uploads\/2025\/04\/ESKF-logo-FI-EE-SE-pos-150dpi.png 1159w\" sizes=\"(max-width: 1024px) 100vw, 1024px\" \/>\t\t\t\t\t\t\t\t\t\t\t\t\t\t\t<\/div>\n\t\t\t\t<\/div>\n\t\t\t\t\t<\/div>\n\t\t<\/div>\n\t\t\t\t\t<\/div>\n\t\t<\/section>\n\t\t\t\t<\/div>","protected":false},"excerpt":{"rendered":"<p>Narva-J\u00f5esuu Jazz on traditsiooniline p\u00e4rl Eesti suvefestivalide maastikul! Kuurortlinna lummav loodus oma v\u00f5luva ranna ning promenaadidega, maailma jazzitipud keset linnaparki &#8211; k\u00f5ik see on toonud festivalile rohket publikut ja k\u00fclaliste \u00e4\u00e4rmiselt sooja tagasiside. Narva-J\u00f5esuu Jazz 2026 toimub laup\u00e4eval, 25. juulil Narva-J\u00f5esuu Heledas pargis. Esimesed 2026. aasta v\u00e4ljakuulutatud artistid on \u00fcks Itaalia hinnatumaid jazzpianiste Dado Moroni [&hellip;]<\/p>\n","protected":false},"author":2,"featured_media":0,"parent":0,"menu_order":0,"comment_status":"closed","ping_status":"closed","template":"","meta":{"_monsterinsights_skip_tracking":false,"_monsterinsights_sitenote_active":false,"_monsterinsights_sitenote_note":"","_monsterinsights_sitenote_category":0,"site-sidebar-layout":"no-sidebar","site-content-layout":"page-builder","ast-site-content-layout":"default","site-content-style":"default","site-sidebar-style":"default","ast-global-header-display":"","ast-banner-title-visibility":"","ast-main-header-display":"","ast-hfb-above-header-display":"","ast-hfb-below-header-display":"","ast-hfb-mobile-header-display":"","site-post-title":"disabled","ast-breadcrumbs-content":"","ast-featured-img":"","footer-sml-layout":"","ast-disable-related-posts":"","theme-transparent-header-meta":"enabled","adv-header-id-meta":"","stick-header-meta":"","header-above-stick-meta":"","header-main-stick-meta":"","header-below-stick-meta":"","astra-migrate-meta-layouts":"default","ast-page-background-enabled":"default","ast-page-background-meta":{"desktop":{"background-color":"","background-image":"","background-repeat":"repeat","background-position":"center center","background-size":"auto","background-attachment":"scroll","background-type":"","background-media":"","overlay-type":"","overlay-color":"","overlay-opacity":"","overlay-gradient":""},"tablet":{"background-color":"","background-image":"","background-repeat":"repeat","background-position":"center center","background-size":"auto","background-attachment":"scroll","background-type":"","background-media":"","overlay-type":"","overlay-color":"","overlay-opacity":"","overlay-gradient":""},"mobile":{"background-color":"","background-image":"","background-repeat":"repeat","background-position":"center center","background-size":"auto","background-attachment":"scroll","background-type":"","background-media":"","overlay-type":"","overlay-color":"","overlay-opacity":"","overlay-gradient":""}},"ast-content-background-meta":{"desktop":{"background-color":"var(--ast-global-color-5)","background-image":"","background-repeat":"repeat","background-position":"center center","background-size":"auto","background-attachment":"scroll","background-type":"","background-media":"","overlay-type":"","overlay-color":"","overlay-opacity":"","overlay-gradient":""},"tablet":{"background-color":"var(--ast-global-color-5)","background-image":"","background-repeat":"repeat","background-position":"center center","background-size":"auto","background-attachment":"scroll","background-type":"","background-media":"","overlay-type":"","overlay-color":"","overlay-opacity":"","overlay-gradient":""},"mobile":{"background-color":"var(--ast-global-color-5)","background-image":"","background-repeat":"repeat","background-position":"center center","background-size":"auto","background-attachment":"scroll","background-type":"","background-media":"","overlay-type":"","overlay-color":"","overlay-opacity":"","overlay-gradient":""}},"footnotes":""},"class_list":["post-30","page","type-page","status-publish","hentry"],"_links":{"self":[{"href":"https:\/\/narva-joesuujazz.ee\/en\/wp-json\/wp\/v2\/pages\/30","targetHints":{"allow":["GET"]}}],"collection":[{"href":"https:\/\/narva-joesuujazz.ee\/en\/wp-json\/wp\/v2\/pages"}],"about":[{"href":"https:\/\/narva-joesuujazz.ee\/en\/wp-json\/wp\/v2\/types\/page"}],"author":[{"embeddable":true,"href":"https:\/\/narva-joesuujazz.ee\/en\/wp-json\/wp\/v2\/users\/2"}],"replies":[{"embeddable":true,"href":"https:\/\/narva-joesuujazz.ee\/en\/wp-json\/wp\/v2\/comments?post=30"}],"version-history":[{"count":482,"href":"https:\/\/narva-joesuujazz.ee\/en\/wp-json\/wp\/v2\/pages\/30\/revisions"}],"predecessor-version":[{"id":3002,"href":"https:\/\/narva-joesuujazz.ee\/en\/wp-json\/wp\/v2\/pages\/30\/revisions\/3002"}],"wp:attachment":[{"href":"https:\/\/narva-joesuujazz.ee\/en\/wp-json\/wp\/v2\/media?parent=30"}],"curies":[{"name":"wp","href":"https:\/\/api.w.org\/{rel}","templated":true}]}}