{"id":2622,"date":"2025-04-01T07:23:33","date_gmt":"2025-04-01T07:23:33","guid":{"rendered":"https:\/\/narva-joesuujazz.ee\/?page_id=2622"},"modified":"2025-04-01T18:37:15","modified_gmt":"2025-04-01T18:37:15","slug":"ailli-ikonen","status":"publish","type":"page","link":"https:\/\/narva-joesuujazz.ee\/en\/ailli-ikonen\/","title":{"rendered":"Ailli Ikonen"},"content":{"rendered":"<div data-elementor-type=\"wp-page\" data-elementor-id=\"2622\" class=\"elementor elementor-2622\" data-elementor-post-type=\"page\">\n\t\t\t\t\t\t<section class=\"elementor-section elementor-top-section elementor-element elementor-element-365facb elementor-section-stretched elementor-section-boxed elementor-section-height-default elementor-section-height-default\" data-id=\"365facb\" data-element_type=\"section\" data-e-type=\"section\" data-settings=\"{&quot;background_background&quot;:&quot;classic&quot;,&quot;stretch_section&quot;:&quot;section-stretched&quot;}\">\n\t\t\t\t\t\t<div class=\"elementor-container elementor-column-gap-default\">\n\t\t\t\t\t<div class=\"elementor-column elementor-col-100 elementor-top-column elementor-element elementor-element-84082eb\" data-id=\"84082eb\" data-element_type=\"column\" data-e-type=\"column\">\n\t\t\t<div class=\"elementor-widget-wrap elementor-element-populated\">\n\t\t\t\t\t\t<div class=\"elementor-element elementor-element-8405c97 elementor-hidden-tablet elementor-hidden-mobile elementor-widget elementor-widget-spacer\" data-id=\"8405c97\" data-element_type=\"widget\" data-e-type=\"widget\" data-widget_type=\"spacer.default\">\n\t\t\t\t<div class=\"elementor-widget-container\">\n\t\t\t\t\t\t\t<div class=\"elementor-spacer\">\n\t\t\t<div class=\"elementor-spacer-inner\"><\/div>\n\t\t<\/div>\n\t\t\t\t\t\t<\/div>\n\t\t\t\t<\/div>\n\t\t\t\t\t<\/div>\n\t\t<\/div>\n\t\t\t\t\t<\/div>\n\t\t<\/section>\n\t\t\t\t<section class=\"elementor-section elementor-top-section elementor-element elementor-element-b3ccd2f elementor-section-boxed elementor-section-height-default elementor-section-height-default\" data-id=\"b3ccd2f\" data-element_type=\"section\" data-e-type=\"section\" data-settings=\"{&quot;background_background&quot;:&quot;classic&quot;}\">\n\t\t\t\t\t\t\t<div class=\"elementor-background-overlay\"><\/div>\n\t\t\t\t\t\t\t<div class=\"elementor-container elementor-column-gap-default\">\n\t\t\t\t\t<div class=\"elementor-column elementor-col-100 elementor-top-column elementor-element elementor-element-0852646\" data-id=\"0852646\" data-element_type=\"column\" data-e-type=\"column\">\n\t\t\t<div class=\"elementor-widget-wrap elementor-element-populated\">\n\t\t\t\t\t\t<div class=\"elementor-element elementor-element-a6e82a4 elementor-widget elementor-widget-spacer\" data-id=\"a6e82a4\" data-element_type=\"widget\" data-e-type=\"widget\" data-widget_type=\"spacer.default\">\n\t\t\t\t<div class=\"elementor-widget-container\">\n\t\t\t\t\t\t\t<div class=\"elementor-spacer\">\n\t\t\t<div class=\"elementor-spacer-inner\"><\/div>\n\t\t<\/div>\n\t\t\t\t\t\t<\/div>\n\t\t\t\t<\/div>\n\t\t\t\t<div class=\"elementor-element elementor-element-69a9f21 elementor-widget elementor-widget-heading\" data-id=\"69a9f21\" data-element_type=\"widget\" data-e-type=\"widget\" data-widget_type=\"heading.default\">\n\t\t\t\t<div class=\"elementor-widget-container\">\n\t\t\t\t\t<h2 class=\"elementor-heading-title elementor-size-default\">AILI IKONEN \u2013 A Shining Voice of Finnish Jazz<\/h2>\t\t\t\t<\/div>\n\t\t\t\t<\/div>\n\t\t\t\t<div class=\"elementor-element elementor-element-94ad421 elementor-widget elementor-widget-spacer\" data-id=\"94ad421\" data-element_type=\"widget\" data-e-type=\"widget\" data-widget_type=\"spacer.default\">\n\t\t\t\t<div class=\"elementor-widget-container\">\n\t\t\t\t\t\t\t<div class=\"elementor-spacer\">\n\t\t\t<div class=\"elementor-spacer-inner\"><\/div>\n\t\t<\/div>\n\t\t\t\t\t\t<\/div>\n\t\t\t\t<\/div>\n\t\t\t\t<div class=\"elementor-element elementor-element-7dec1a4 elementor-widget elementor-widget-text-editor\" data-id=\"7dec1a4\" data-element_type=\"widget\" data-e-type=\"widget\" data-widget_type=\"text-editor.default\">\n\t\t\t\t<div class=\"elementor-widget-container\">\n\t\t\t\t\t\t\t\t\t<p><span style=\"font-weight: 400;\">Aili Ikonen is one of the brightest stars of <\/span><b>Finnish jazz<\/b><span style=\"font-weight: 400;\"> \u2013 a vocalist whose voice captivates and moves. In her performances, sensitivity meets strength, and improvisational freedom blends with emotional depth. Her charismatic stage presence and stunning vocal artistry have touched audiences both in Finland and abroad.<\/span><\/p><p><span style=\"font-weight: 400;\">With a career spanning over two decades, Ikonen has released five solo albums and collaborated with some of Finland\u2019s top orchestras and ensembles. Her music bridges jazz, the singer-songwriter tradition, folk influences, and cinematic moods. She is also a core member of the internationally acclaimed vocal ensemble Rajaton.<\/span><\/p><p><b>At Narva-J\u00f5esuu Jazz<\/b><span style=\"font-weight: 400;\"> , Aili Ikonen will take the stage with her long-time trusted bandmates \u2013 offering a rare chance to immerse yourself in a Nordic soundscape where every note tells a story.<\/span><\/p><p><b>Line-up<\/b><span style=\"font-weight: 400;\">:<\/span><span style=\"font-weight: 400;\"><br \/><\/span><\/p><p>Aili Ikonen \u2013 vocal<br \/>Tuomas J. Turunen \u2013 piano<br \/>Jori Huhtala \u2013 bass<br \/>Mikko Arlin \u2013 drums<\/p><p><b>Video<\/b><span style=\"font-weight: 400;\">: <a href=\"https:\/\/youtu.be\/0KFD4WG9rLo?si=l9K0HzV-nmC0TDsH&amp;t=122\" target=\"_blank\" rel=\"noopener\">https:\/\/youtu.be\/0KFD4WG9rLo?si=l9K0HzV-nmC0TDsH&amp;t=122<\/a><\/span><\/p><p><b>Artist page<\/b><span style=\"font-weight: 400;\">: <a href=\"https:\/\/ailiikonen.com\/\" target=\"_blank\" rel=\"noopener\">https:\/\/ailiikonen.com\/<\/a><\/span><\/p>\t\t\t\t\t\t\t\t<\/div>\n\t\t\t\t<\/div>\n\t\t\t\t<div class=\"elementor-element elementor-element-012d341 elementor-widget elementor-widget-spacer\" data-id=\"012d341\" data-element_type=\"widget\" data-e-type=\"widget\" data-widget_type=\"spacer.default\">\n\t\t\t\t<div class=\"elementor-widget-container\">\n\t\t\t\t\t\t\t<div class=\"elementor-spacer\">\n\t\t\t<div class=\"elementor-spacer-inner\"><\/div>\n\t\t<\/div>\n\t\t\t\t\t\t<\/div>\n\t\t\t\t<\/div>\n\t\t\t\t\t<\/div>\n\t\t<\/div>\n\t\t\t\t\t<\/div>\n\t\t<\/section>\n\t\t\t\t<\/div>","protected":false},"excerpt":{"rendered":"<p>AILI IKONEN \u2014 Soome jazzi s\u00e4rav h\u00e4\u00e4l Aili Ikonen on Soome jazzmuusika \u00fcks eredamaid t\u00e4hti \u2013 laulja, kelle h\u00e4\u00e4l puudutab ja lummab. Tema esituses kohtuvad tundlikkus ja j\u00f5ud, improvisatsiooniline vabadus ja s\u00fcgav sisekaemus. Ikoneni lavalolek on vahetu ja k\u00f6itev, tema h\u00e4\u00e4le ilu ning vokaaltehniline meisterlikkus on v\u00f5itnud publiku s\u00fcdameid nii kodumaal kui ka rahvusvahelistel lavadel. [&hellip;]<\/p>\n","protected":false},"author":1,"featured_media":0,"parent":0,"menu_order":0,"comment_status":"closed","ping_status":"closed","template":"","meta":{"_monsterinsights_skip_tracking":false,"_monsterinsights_sitenote_active":false,"_monsterinsights_sitenote_note":"","_monsterinsights_sitenote_category":0,"site-sidebar-layout":"no-sidebar","site-content-layout":"page-builder","ast-site-content-layout":"default","site-content-style":"default","site-sidebar-style":"default","ast-global-header-display":"","ast-banner-title-visibility":"","ast-main-header-display":"","ast-hfb-above-header-display":"","ast-hfb-below-header-display":"","ast-hfb-mobile-header-display":"","site-post-title":"disabled","ast-breadcrumbs-content":"","ast-featured-img":"disabled","footer-sml-layout":"","ast-disable-related-posts":"","theme-transparent-header-meta":"","adv-header-id-meta":"","stick-header-meta":"","header-above-stick-meta":"","header-main-stick-meta":"","header-below-stick-meta":"","astra-migrate-meta-layouts":"default","ast-page-background-enabled":"default","ast-page-background-meta":{"desktop":{"background-color":"","background-image":"","background-repeat":"repeat","background-position":"center center","background-size":"auto","background-attachment":"scroll","background-type":"","background-media":"","overlay-type":"","overlay-color":"","overlay-opacity":"","overlay-gradient":""},"tablet":{"background-color":"","background-image":"","background-repeat":"repeat","background-position":"center center","background-size":"auto","background-attachment":"scroll","background-type":"","background-media":"","overlay-type":"","overlay-color":"","overlay-opacity":"","overlay-gradient":""},"mobile":{"background-color":"","background-image":"","background-repeat":"repeat","background-position":"center center","background-size":"auto","background-attachment":"scroll","background-type":"","background-media":"","overlay-type":"","overlay-color":"","overlay-opacity":"","overlay-gradient":""}},"ast-content-background-meta":{"desktop":{"background-color":"var(--ast-global-color-5)","background-image":"","background-repeat":"repeat","background-position":"center center","background-size":"auto","background-attachment":"scroll","background-type":"","background-media":"","overlay-type":"","overlay-color":"","overlay-opacity":"","overlay-gradient":""},"tablet":{"background-color":"var(--ast-global-color-5)","background-image":"","background-repeat":"repeat","background-position":"center center","background-size":"auto","background-attachment":"scroll","background-type":"","background-media":"","overlay-type":"","overlay-color":"","overlay-opacity":"","overlay-gradient":""},"mobile":{"background-color":"var(--ast-global-color-5)","background-image":"","background-repeat":"repeat","background-position":"center center","background-size":"auto","background-attachment":"scroll","background-type":"","background-media":"","overlay-type":"","overlay-color":"","overlay-opacity":"","overlay-gradient":""}},"footnotes":""},"class_list":["post-2622","page","type-page","status-publish","hentry"],"_links":{"self":[{"href":"https:\/\/narva-joesuujazz.ee\/en\/wp-json\/wp\/v2\/pages\/2622","targetHints":{"allow":["GET"]}}],"collection":[{"href":"https:\/\/narva-joesuujazz.ee\/en\/wp-json\/wp\/v2\/pages"}],"about":[{"href":"https:\/\/narva-joesuujazz.ee\/en\/wp-json\/wp\/v2\/types\/page"}],"author":[{"embeddable":true,"href":"https:\/\/narva-joesuujazz.ee\/en\/wp-json\/wp\/v2\/users\/1"}],"replies":[{"embeddable":true,"href":"https:\/\/narva-joesuujazz.ee\/en\/wp-json\/wp\/v2\/comments?post=2622"}],"version-history":[{"count":19,"href":"https:\/\/narva-joesuujazz.ee\/en\/wp-json\/wp\/v2\/pages\/2622\/revisions"}],"predecessor-version":[{"id":2686,"href":"https:\/\/narva-joesuujazz.ee\/en\/wp-json\/wp\/v2\/pages\/2622\/revisions\/2686"}],"wp:attachment":[{"href":"https:\/\/narva-joesuujazz.ee\/en\/wp-json\/wp\/v2\/media?parent=2622"}],"curies":[{"name":"wp","href":"https:\/\/api.w.org\/{rel}","templated":true}]}}