{"id":2470,"date":"2025-03-19T09:28:57","date_gmt":"2025-03-19T09:28:57","guid":{"rendered":"https:\/\/narva-joesuujazz.ee\/?page_id=2470"},"modified":"2026-05-06T18:35:58","modified_gmt":"2026-05-06T18:35:58","slug":"dana-masters","status":"publish","type":"page","link":"https:\/\/narva-joesuujazz.ee\/en\/dana-masters\/","title":{"rendered":"Dana Masters"},"content":{"rendered":"<div data-elementor-type=\"wp-page\" data-elementor-id=\"2470\" class=\"elementor elementor-2470\" data-elementor-post-type=\"page\">\n\t\t\t\t\t\t<section class=\"elementor-section elementor-top-section elementor-element elementor-element-365facb elementor-section-stretched elementor-section-boxed elementor-section-height-default elementor-section-height-default\" data-id=\"365facb\" data-element_type=\"section\" data-e-type=\"section\" data-settings=\"{&quot;background_background&quot;:&quot;classic&quot;,&quot;stretch_section&quot;:&quot;section-stretched&quot;}\">\n\t\t\t\t\t\t<div class=\"elementor-container elementor-column-gap-default\">\n\t\t\t\t\t<div class=\"elementor-column elementor-col-100 elementor-top-column elementor-element elementor-element-84082eb\" data-id=\"84082eb\" data-element_type=\"column\" data-e-type=\"column\">\n\t\t\t<div class=\"elementor-widget-wrap elementor-element-populated\">\n\t\t\t\t\t\t<div class=\"elementor-element elementor-element-386aafe elementor-hidden-tablet elementor-hidden-mobile elementor-widget elementor-widget-spacer\" data-id=\"386aafe\" data-element_type=\"widget\" data-e-type=\"widget\" data-widget_type=\"spacer.default\">\n\t\t\t\t<div class=\"elementor-widget-container\">\n\t\t\t\t\t\t\t<div class=\"elementor-spacer\">\n\t\t\t<div class=\"elementor-spacer-inner\"><\/div>\n\t\t<\/div>\n\t\t\t\t\t\t<\/div>\n\t\t\t\t<\/div>\n\t\t\t\t\t<\/div>\n\t\t<\/div>\n\t\t\t\t\t<\/div>\n\t\t<\/section>\n\t\t\t\t<section class=\"elementor-section elementor-top-section elementor-element elementor-element-b3ccd2f elementor-section-boxed elementor-section-height-default elementor-section-height-default\" data-id=\"b3ccd2f\" data-element_type=\"section\" data-e-type=\"section\" data-settings=\"{&quot;background_background&quot;:&quot;classic&quot;}\">\n\t\t\t\t\t\t\t<div class=\"elementor-background-overlay\"><\/div>\n\t\t\t\t\t\t\t<div class=\"elementor-container elementor-column-gap-default\">\n\t\t\t\t\t<div class=\"elementor-column elementor-col-100 elementor-top-column elementor-element elementor-element-0852646\" data-id=\"0852646\" data-element_type=\"column\" data-e-type=\"column\">\n\t\t\t<div class=\"elementor-widget-wrap elementor-element-populated\">\n\t\t\t\t\t\t<div class=\"elementor-element elementor-element-a6e82a4 elementor-widget elementor-widget-spacer\" data-id=\"a6e82a4\" data-element_type=\"widget\" data-e-type=\"widget\" data-widget_type=\"spacer.default\">\n\t\t\t\t<div class=\"elementor-widget-container\">\n\t\t\t\t\t\t\t<div class=\"elementor-spacer\">\n\t\t\t<div class=\"elementor-spacer-inner\"><\/div>\n\t\t<\/div>\n\t\t\t\t\t\t<\/div>\n\t\t\t\t<\/div>\n\t\t\t\t<div class=\"elementor-element elementor-element-69a9f21 elementor-widget elementor-widget-heading\" data-id=\"69a9f21\" data-element_type=\"widget\" data-e-type=\"widget\" data-widget_type=\"heading.default\">\n\t\t\t\t<div class=\"elementor-widget-container\">\n\t\t\t\t\t<h2 class=\"elementor-heading-title elementor-size-default\">Dana Masters (IRL)\n<\/h2>\t\t\t\t<\/div>\n\t\t\t\t<\/div>\n\t\t\t\t<div class=\"elementor-element elementor-element-94ad421 elementor-widget elementor-widget-spacer\" data-id=\"94ad421\" data-element_type=\"widget\" data-e-type=\"widget\" data-widget_type=\"spacer.default\">\n\t\t\t\t<div class=\"elementor-widget-container\">\n\t\t\t\t\t\t\t<div class=\"elementor-spacer\">\n\t\t\t<div class=\"elementor-spacer-inner\"><\/div>\n\t\t<\/div>\n\t\t\t\t\t\t<\/div>\n\t\t\t\t<\/div>\n\t\t\t\t<div class=\"elementor-element elementor-element-7dec1a4 elementor-widget elementor-widget-text-editor\" data-id=\"7dec1a4\" data-element_type=\"widget\" data-e-type=\"widget\" data-widget_type=\"text-editor.default\">\n\t\t\t\t<div class=\"elementor-widget-container\">\n\t\t\t\t\t\t\t\t\t<p class=\"translation-block\">Dana Masters is a powerful soul and jazz vocalist, now based in Ireland and a significant name on the Irish and UK jazz scene, whose music brings together the depth of gospel and R&amp;B with a contemporary jazz sensibility. Born and raised in the Deep South of the United States, the singer and songwriter grew up in a family closely connected to the Civil Rights Movement of the 1950s and 60s \u2013 she is the granddaughter of a renowned activist, and that life experience is deeply reflected in her work. Dana\u2019s music speaks of what it means to be human: joy and pain, vulnerability and strength \u2013 delivered with honesty, passion, and a truly personal voice.<\/p><p class=\"translation-block\">Her distinctive style \u2013 jazz infused with soul, funk, R&amp;B and gospel \u2013 creates a deep connection with audiences and leaves listeners remembering both the melody and the message. Estonian audiences may also know her from the Jazzkaar Festival, where Dana Masters has performed a sold-out concert.<\/p><p class=\"translation-block\">Dana has appeared on world-class stages for a wide range of audiences: she has sung for the Pope, performed for Bill and Hillary Clinton as well as Tony Blair, and has also presented a BBC music documentary \u201cMy Name Is Ottilie\u201d.<\/p><p><span style=\"font-weight: 400;\"><strong>Video<\/strong>: <a href=\"https:\/\/youtu.be\/FPmwk9MOlqk?si=jRLSeMBaRPqKLdZV&amp;t=58\" target=\"_blank\" rel=\"noopener\">https:\/\/youtu.be\/FPmwk9MOlqk?si=jRLSeMBaRPqKLdZV&amp;t=58<\/a><\/span><\/p>\t\t\t\t\t\t\t\t<\/div>\n\t\t\t\t<\/div>\n\t\t\t\t<div class=\"elementor-element elementor-element-012d341 elementor-widget elementor-widget-spacer\" data-id=\"012d341\" data-element_type=\"widget\" data-e-type=\"widget\" data-widget_type=\"spacer.default\">\n\t\t\t\t<div class=\"elementor-widget-container\">\n\t\t\t\t\t\t\t<div class=\"elementor-spacer\">\n\t\t\t<div class=\"elementor-spacer-inner\"><\/div>\n\t\t<\/div>\n\t\t\t\t\t\t<\/div>\n\t\t\t\t<\/div>\n\t\t\t\t\t<\/div>\n\t\t<\/div>\n\t\t\t\t\t<\/div>\n\t\t<\/section>\n\t\t\t\t<\/div>","protected":false},"excerpt":{"rendered":"<p>Dana Masters (IRL) Dana Masters on v\u00f5imas soul\u2019i ja jazzi vokaal, kes elab t\u00e4na Iirimaal ning on oluline nimi Iiri ja Suurbritannia jazziskeenel. Tema muusika \u00fchendab gospel\u2019i ja R&amp;B s\u00fcgavuse kaasaegse jazzitundlikkusega. USA l\u00f5unaosariikidest p\u00e4rit laulja ja laulukirjutaja on kasvanud \u00fcles peres, mis oli tihedalt seotud 1950.\u201360. aastate kodaniku\u00f5iguste liikumisega \u2013 ta on tunnustatud aktivisti [&hellip;]<\/p>\n","protected":false},"author":1,"featured_media":0,"parent":0,"menu_order":0,"comment_status":"closed","ping_status":"closed","template":"","meta":{"_monsterinsights_skip_tracking":false,"_monsterinsights_sitenote_active":false,"_monsterinsights_sitenote_note":"","_monsterinsights_sitenote_category":0,"site-sidebar-layout":"no-sidebar","site-content-layout":"page-builder","ast-site-content-layout":"default","site-content-style":"default","site-sidebar-style":"default","ast-global-header-display":"","ast-banner-title-visibility":"","ast-main-header-display":"","ast-hfb-above-header-display":"","ast-hfb-below-header-display":"","ast-hfb-mobile-header-display":"","site-post-title":"disabled","ast-breadcrumbs-content":"","ast-featured-img":"disabled","footer-sml-layout":"","ast-disable-related-posts":"","theme-transparent-header-meta":"","adv-header-id-meta":"","stick-header-meta":"","header-above-stick-meta":"","header-main-stick-meta":"","header-below-stick-meta":"","astra-migrate-meta-layouts":"default","ast-page-background-enabled":"default","ast-page-background-meta":{"desktop":{"background-color":"","background-image":"","background-repeat":"repeat","background-position":"center center","background-size":"auto","background-attachment":"scroll","background-type":"","background-media":"","overlay-type":"","overlay-color":"","overlay-opacity":"","overlay-gradient":""},"tablet":{"background-color":"","background-image":"","background-repeat":"repeat","background-position":"center center","background-size":"auto","background-attachment":"scroll","background-type":"","background-media":"","overlay-type":"","overlay-color":"","overlay-opacity":"","overlay-gradient":""},"mobile":{"background-color":"","background-image":"","background-repeat":"repeat","background-position":"center center","background-size":"auto","background-attachment":"scroll","background-type":"","background-media":"","overlay-type":"","overlay-color":"","overlay-opacity":"","overlay-gradient":""}},"ast-content-background-meta":{"desktop":{"background-color":"var(--ast-global-color-5)","background-image":"","background-repeat":"repeat","background-position":"center center","background-size":"auto","background-attachment":"scroll","background-type":"","background-media":"","overlay-type":"","overlay-color":"","overlay-opacity":"","overlay-gradient":""},"tablet":{"background-color":"var(--ast-global-color-5)","background-image":"","background-repeat":"repeat","background-position":"center center","background-size":"auto","background-attachment":"scroll","background-type":"","background-media":"","overlay-type":"","overlay-color":"","overlay-opacity":"","overlay-gradient":""},"mobile":{"background-color":"var(--ast-global-color-5)","background-image":"","background-repeat":"repeat","background-position":"center center","background-size":"auto","background-attachment":"scroll","background-type":"","background-media":"","overlay-type":"","overlay-color":"","overlay-opacity":"","overlay-gradient":""}},"footnotes":""},"class_list":["post-2470","page","type-page","status-publish","hentry"],"_links":{"self":[{"href":"https:\/\/narva-joesuujazz.ee\/en\/wp-json\/wp\/v2\/pages\/2470","targetHints":{"allow":["GET"]}}],"collection":[{"href":"https:\/\/narva-joesuujazz.ee\/en\/wp-json\/wp\/v2\/pages"}],"about":[{"href":"https:\/\/narva-joesuujazz.ee\/en\/wp-json\/wp\/v2\/types\/page"}],"author":[{"embeddable":true,"href":"https:\/\/narva-joesuujazz.ee\/en\/wp-json\/wp\/v2\/users\/1"}],"replies":[{"embeddable":true,"href":"https:\/\/narva-joesuujazz.ee\/en\/wp-json\/wp\/v2\/comments?post=2470"}],"version-history":[{"count":53,"href":"https:\/\/narva-joesuujazz.ee\/en\/wp-json\/wp\/v2\/pages\/2470\/revisions"}],"predecessor-version":[{"id":3069,"href":"https:\/\/narva-joesuujazz.ee\/en\/wp-json\/wp\/v2\/pages\/2470\/revisions\/3069"}],"wp:attachment":[{"href":"https:\/\/narva-joesuujazz.ee\/en\/wp-json\/wp\/v2\/media?parent=2470"}],"curies":[{"name":"wp","href":"https:\/\/api.w.org\/{rel}","templated":true}]}}